
{"id":100,"date":"2018-01-09T05:46:59","date_gmt":"2018-01-09T05:46:59","guid":{"rendered":"https:\/\/demo.axlethemes.com\/education-mind-pro\/?page_id=100"},"modified":"2019-02-18T20:36:35","modified_gmt":"2019-02-18T19:36:35","slug":"philosophie","status":"publish","type":"page","link":"https:\/\/www.cegazelles.net\/?page_id=100","title":{"rendered":"Philosophie de l&rsquo;\u00e9cole"},"content":{"rendered":"<h2 style=\"text-align: center;\">Missions et D\u00e9fis<\/h2>\n<p>Le Centre d\u2019Enseignement Mboloko \u00ab&nbsp;Les Gazelles&nbsp;\u00bb, cr\u00e9\u00e9 en 1976 est une \u00e9cole publique du r\u00e9seau conventionn\u00e9 protestant de la CPK (Communaut\u00e9 Presbyt\u00e9rienne de Kinshasa).<\/p>\n<p>Sa philosophie est \u00ab&nbsp;\u00c9cole pour la Vie, par la Vie&nbsp;\u00bb ; ceci se d\u00e9cline dans ses principes de base :<\/p>\n<ul>\n<li>Respect de chaque personnalit\u00e9, de chaque ethnie, des convictions religieuses d\u2019un chacun<\/li>\n<li>Id\u00e9al : \u00eatre ouvert, critique, organis\u00e9 ; se rendre utile \u00e0 son entourage direct, et \u00e0 la soci\u00e9t\u00e9<\/li>\n<li>Africanisation de l\u2019enseignement : danses, contes, jeux, chansons, proverbes, \u00e9tudes des quatre langues nationales<\/li>\n<li>Informatique : ma\u00eetrise de la saisie \u00e0 10 doigts, du traitement des textes, du tableur d\u00e8s la 4\u00e8me primaire ; formation \u00e0 l\u2019Internet \u00e0 la port\u00e9e de tous les \u00e9l\u00e8ves<\/li>\n<li>Rayonnement par des stages de nos \u00e9l\u00e8ves dans plusieurs \u00e9coles<\/li>\n<li>Rayonnement par des sessions de recyclage qu\u2019animent nos enseignants au profit de leurs coll\u00e8gues d\u2019autres \u00e9coles, \u00e0 Kinshasa, comme \u00e0 l\u2019int\u00e9rieur du pays<\/li>\n<li>Investissement important pour la formation d\u2019un nouveau type d\u2019enseignant du primaire et du secondaire.<\/li>\n<li>L&rsquo;enseignement est orient\u00e9 vers la pratique et la vie<\/li>\n<li>Chaque personne a une valeur, pas seulement les \u00ab\u00a0intellectuels\u00a0\u00bb<\/li>\n<li>L&rsquo;enseignement et l&rsquo;artisanat ne sont pas attractifs, mais tr\u00e8s importants pour le pays. D&rsquo;o\u00f9 nos offres de formation p\u00e9dagogique et de couture professionnelle.<\/li>\n<li>Les portes de notre \u00e9cole sont ouvertes aux parents et aux visiteurs.<\/li>\n<li>Nous favorisons la culture et les langues, ainsi que l&rsquo;histoire et la conscience du pays<\/li>\n<li>Les valeurs de tol\u00e9rance, de respect et d&rsquo;oecum\u00e9nisme sont des pr\u00e9occupations de l&rsquo;enseignement et de l&rsquo;\u00e9ducation.<\/li>\n<li>La culture d\u00e9mocratique, le dialogue et l&rsquo;esprit critique ne s&rsquo;acqui\u00e8rent que par l&rsquo;exercice. L&rsquo;attention \u00e0 l&rsquo;environnement, \u00e0 la sant\u00e9 et aux d\u00e9favoris\u00e9s demande un \u00e9veil et une action cons\u00e9quente.<\/li>\n<li>La formation continue des enseignants est pour nous une pr\u00e9occupation primordiale.<\/li>\n<\/ul>\n","protected":false},"excerpt":{"rendered":"<p>Missions et D\u00e9fis Le Centre d\u2019Enseignement Mboloko \u00ab&nbsp;Les Gazelles&nbsp;\u00bb, cr\u00e9\u00e9 en 1976 est une \u00e9cole publique du r\u00e9seau conventionn\u00e9 protestant de la CPK (Communaut\u00e9 Presbyt\u00e9rienne de Kinshasa). Sa philosophie est \u00ab&nbsp;\u00c9cole pour la Vie, par la Vie&nbsp;\u00bb ; ceci se&hellip;&nbsp;<a href=\"https:\/\/www.cegazelles.net\/?page_id=100\" class=\"more-link\">Lire la suite<\/a><\/p>\n","protected":false},"author":7,"featured_media":546,"parent":0,"menu_order":0,"comment_status":"closed","ping_status":"closed","template":"","meta":{"url":"","client":"","location":"","start_date":"","end_date":"","footnotes":""},"class_list":["post-100","page","type-page","status-publish","has-post-thumbnail","hentry"],"_links":{"self":[{"href":"https:\/\/www.cegazelles.net\/index.php?rest_route=\/wp\/v2\/pages\/100","targetHints":{"allow":["GET"]}}],"collection":[{"href":"https:\/\/www.cegazelles.net\/index.php?rest_route=\/wp\/v2\/pages"}],"about":[{"href":"https:\/\/www.cegazelles.net\/index.php?rest_route=\/wp\/v2\/types\/page"}],"author":[{"embeddable":true,"href":"https:\/\/www.cegazelles.net\/index.php?rest_route=\/wp\/v2\/users\/7"}],"replies":[{"embeddable":true,"href":"https:\/\/www.cegazelles.net\/index.php?rest_route=%2Fwp%2Fv2%2Fcomments&post=100"}],"version-history":[{"count":7,"href":"https:\/\/www.cegazelles.net\/index.php?rest_route=\/wp\/v2\/pages\/100\/revisions"}],"predecessor-version":[{"id":1408,"href":"https:\/\/www.cegazelles.net\/index.php?rest_route=\/wp\/v2\/pages\/100\/revisions\/1408"}],"wp:featuredmedia":[{"embeddable":true,"href":"https:\/\/www.cegazelles.net\/index.php?rest_route=\/wp\/v2\/media\/546"}],"wp:attachment":[{"href":"https:\/\/www.cegazelles.net\/index.php?rest_route=%2Fwp%2Fv2%2Fmedia&parent=100"}],"curies":[{"name":"wp","href":"https:\/\/api.w.org\/{rel}","templated":true}]}}