
{"id":101,"date":"2018-01-09T05:47:08","date_gmt":"2018-01-09T05:47:08","guid":{"rendered":"https:\/\/demo.axlethemes.com\/education-mind-pro\/?page_id=101"},"modified":"2021-12-07T09:01:21","modified_gmt":"2021-12-07T08:01:21","slug":"historique","status":"publish","type":"page","link":"https:\/\/www.cegazelles.net\/?page_id=101","title":{"rendered":"Historique"},"content":{"rendered":"<p><strong>Septembre 1976<\/strong>, quinze enfants des amis sont accueillis sur la terrasse domiciliaire des Kabangu. Mabika Kalanda, Kaniki, Pasteur Yemba, etc. \u2013&nbsp;quinze parents font confiance \u00e0 Mme Heidi KABANGU et surtout, l\u2019aident quotidiennement \u00e0 r\u00e9fl\u00e9chir sur les programmes et les orientations possibles des enseignements dans notre pays.<\/p>\n<p><img loading=\"lazy\" decoding=\"async\" class=\"size-full wp-image-522 aligncenter\" src=\"https:\/\/www.cegazelles.net\/wp-content\/uploads\/2018\/09\/histo5.jpg\" alt=\"\" width=\"345\" height=\"439\" srcset=\"https:\/\/www.cegazelles.net\/wp-content\/uploads\/2018\/09\/histo5.jpg 345w, https:\/\/www.cegazelles.net\/wp-content\/uploads\/2018\/09\/histo5-236x300.jpg 236w, https:\/\/www.cegazelles.net\/wp-content\/uploads\/2018\/09\/histo5-212x270.jpg 212w\" sizes=\"auto, (max-width: 345px) 100vw, 345px\" \/><\/p>\n<p>Sur la terrasse, puis dans le garage, et enfin dans les baraques, les enfants apprennent tout bonnement leurs enseignements. La population ne cesse d\u2019augmenter \u00e0 mesure que les classes montent.<\/p>\n<p><img loading=\"lazy\" decoding=\"async\" class=\"size-full wp-image-690 aligncenter\" src=\"https:\/\/www.cegazelles.net\/wp-content\/uploads\/2018\/09\/Histo0.jpg\" alt=\"\" width=\"446\" height=\"333\" srcset=\"https:\/\/www.cegazelles.net\/wp-content\/uploads\/2018\/09\/Histo0.jpg 446w, https:\/\/www.cegazelles.net\/wp-content\/uploads\/2018\/09\/Histo0-300x224.jpg 300w, https:\/\/www.cegazelles.net\/wp-content\/uploads\/2018\/09\/Histo0-360x270.jpg 360w\" sizes=\"auto, (max-width: 446px) 100vw, 446px\" \/><\/p>\n<p><strong>1980<\/strong>, quatre ans apr\u00e8s, la CKP (<em>Communaut\u00e9 Presbyt\u00e9rienne de Kinshasa<\/em>) met \u00e0 la disposition de cette \u00e9cole naissante son terrain de l\u2019avenue Kimpese num\u00e9ro 24 bis, quartier Yolo Nord, commune de Kalamu. D\u00e8s lors, de grandes constructions financ\u00e9es par des amis suisses sont entreprises. Ces m\u00eames amis fournissent l\u2019infrastructure et le mat\u00e9riel p\u00e9dagogique n\u00e9cessaire.<\/p>\n<p><img loading=\"lazy\" decoding=\"async\" class=\"size-full wp-image-689 aligncenter\" src=\"https:\/\/www.cegazelles.net\/wp-content\/uploads\/2018\/09\/Histo2-1.jpg\" alt=\"\" width=\"588\" height=\"399\" srcset=\"https:\/\/www.cegazelles.net\/wp-content\/uploads\/2018\/09\/Histo2-1.jpg 588w, https:\/\/www.cegazelles.net\/wp-content\/uploads\/2018\/09\/Histo2-1-300x204.jpg 300w, https:\/\/www.cegazelles.net\/wp-content\/uploads\/2018\/09\/Histo2-1-360x244.jpg 360w\" sizes=\"auto, (max-width: 588px) 100vw, 588px\" \/><\/p>\n<p><strong>En 1982<\/strong>, la premi\u00e8re promotion ach\u00e8ve l\u2019\u00e9cole primaire. Les parents sont tr\u00e8s heureux. L\u2019\u00e9panouissement qu\u2019affichent leurs enfants stimule les parents \u00e0 exiger l\u2019ouverture du niveau secondaire. Le choix de la section est si difficile que les parents se r\u00e9unissent plusieurs fois pour d\u00e9cider de la section \u00e0 organiser. Finalement, la section p\u00e9dagogique \u00ab&nbsp;<em>renforc\u00e9e<\/em>&nbsp;\u00bb (avec des cours de Statistiques, Latin, Comptabilit\u00e9, l\u2019\u00e9tude des quatre langues nationales, et des stages p\u00e9dagogiques obligatoires \u00e0 partir de la 4\u00e8me) est retenue, afin d\u2019offrir une large ouverture aux candidats qui ach\u00e8vent le secondaire.<\/p>\n<p><img loading=\"lazy\" decoding=\"async\" class=\"size-full wp-image-521 aligncenter\" src=\"https:\/\/www.cegazelles.net\/wp-content\/uploads\/2018\/09\/histo1.jpg\" alt=\"\" width=\"588\" height=\"432\" srcset=\"https:\/\/www.cegazelles.net\/wp-content\/uploads\/2018\/09\/histo1.jpg 588w, https:\/\/www.cegazelles.net\/wp-content\/uploads\/2018\/09\/histo1-300x220.jpg 300w, https:\/\/www.cegazelles.net\/wp-content\/uploads\/2018\/09\/histo1-360x264.jpg 360w\" sizes=\"auto, (max-width: 588px) 100vw, 588px\" \/><\/p>\n<p><strong>1986<\/strong>&nbsp;voit l\u2019ouverture d\u2019une seule classe des enfants de cinq ans pour la Maternelle.<\/p>\n<p>On assistera en&nbsp;<strong>1991<\/strong>&nbsp;\u00e0 la brillante r\u00e9ussite de la premi\u00e8re promotion aux Examens d\u2019Etats. \u00ab&nbsp;<em>Les Gazelles<\/em>&nbsp;\u00bb peut se f\u00e9liciter d\u2019avoir form\u00e9 ses premiers bons enseignants.<\/p>\n<p>C\u2019est cette m\u00eame ann\u00e9e,&nbsp;<strong>1991<\/strong>, que \u00ab&nbsp;<em>Les Gazelles<\/em>&nbsp;\u00bb passe de l\u2019\u00e9cole priv\u00e9e de la CPK au statut d\u2019\u00e9cole conventionn\u00e9e de la CPK.<\/p>\n<p>En&nbsp;<strong>1995<\/strong>, l\u2019\u00e9cole obtient l\u2019Arr\u00eat\u00e9 Minist\u00e9riel n\u00b0 MIN EPSP\/CABMIN\/001\/1733\/95 du 11 Octobre 1995 portant agr\u00e9ment et autorisation de fonctionnement des \u00e9coles publiques dans la ville de Kinshasa, sous la d\u00e9nomination de \u00ab&nbsp;Centre d\u2019Enseignement Mboloko \u2018Les Gazelles&rsquo;&nbsp;\u00bb.<\/p>\n<p><img loading=\"lazy\" decoding=\"async\" class=\"size-full wp-image-523 aligncenter\" src=\"https:\/\/www.cegazelles.net\/wp-content\/uploads\/2018\/09\/histo7.jpg\" alt=\"\" width=\"604\" height=\"439\" srcset=\"https:\/\/www.cegazelles.net\/wp-content\/uploads\/2018\/09\/histo7.jpg 604w, https:\/\/www.cegazelles.net\/wp-content\/uploads\/2018\/09\/histo7-300x218.jpg 300w, https:\/\/www.cegazelles.net\/wp-content\/uploads\/2018\/09\/histo7-360x262.jpg 360w\" sizes=\"auto, (max-width: 604px) 100vw, 604px\" \/><\/p>\n<p>Le Centre d\u2019enseignement Mboloko comprend alors une&nbsp;<strong><a href=\"http:\/\/cegazelles.net\/?page_id=34\">section maternelle<\/a><\/strong>&nbsp;(trois classes \u2013 3 ans, 4 ans et 5 ans), une&nbsp;<strong><a href=\"http:\/\/cegazelles.net\/?page_id=25\">\u00e9cole primaire<\/a><\/strong>&nbsp;(6 classes) et une \u00e9cole secondaire des&nbsp;<strong><a href=\"http:\/\/cegazelles.net\/?page_id=43\">Humanit\u00e9s P\u00e9dagogiques<\/a><\/strong>.<\/p>\n<p>En septembre&nbsp;<strong>2002<\/strong>, la section Technique&nbsp;<strong><a href=\"http:\/\/cegazelles.net\/?page_id=42\">Coupe et Couture<\/a><\/strong>&nbsp;est ouverte et sera agr\u00e9\u00e9e trois ans plus tard sous l\u2019Arr\u00eat\u00e9 Minist\u00e9riel n\u00b0 MINESP\/CABMIN\/0644\/2005 &nbsp;du 21 f\u00e9vrier 2005 portant ouverture et autorisation de fonctionnement de nouvelles classes, sections et options au sein des \u00e9coles dans la ville de Kinshasa.<\/p>\n<p><img loading=\"lazy\" decoding=\"async\" class=\"size-full wp-image-524 aligncenter\" src=\"https:\/\/www.cegazelles.net\/wp-content\/uploads\/2018\/09\/histo13.jpg\" alt=\"\" width=\"722\" height=\"500\" srcset=\"https:\/\/www.cegazelles.net\/wp-content\/uploads\/2018\/09\/histo13.jpg 722w, https:\/\/www.cegazelles.net\/wp-content\/uploads\/2018\/09\/histo13-300x208.jpg 300w, https:\/\/www.cegazelles.net\/wp-content\/uploads\/2018\/09\/histo13-360x249.jpg 360w\" sizes=\"auto, (max-width: 722px) 100vw, 722px\" \/><\/p>\n<p>L\u2019objectif qui a milit\u00e9 en faveur du choix de ces deux section est simple et pratique ; les deux sections offrent directement une possibilit\u00e9 d\u2019emploi aux candidats qui ach\u00e8vent le cycle secondaire.<\/p>\n<p>Les candidats qui terminent en section p\u00e9dagogiques sont form\u00e9s pour pouvoir tenir une classe \u00e0 l\u2019\u00e9cole primaire. Leurs homologues de la section Coupe et Couture ont l\u2019avantage d\u2019exercer directement le m\u00e9tier de couturier et d\u2019en tirer profit.<\/p>\n\n\n<figure class=\"wp-block-image size-large\"><img loading=\"lazy\" decoding=\"async\" width=\"994\" height=\"600\" src=\"https:\/\/www.cegazelles.net\/wp-content\/uploads\/2021\/12\/SI-Mboloko-Les-Gazelles-1-1-994x600.jpg\" alt=\"\" class=\"wp-image-2415\" srcset=\"https:\/\/www.cegazelles.net\/wp-content\/uploads\/2021\/12\/SI-Mboloko-Les-Gazelles-1-1-994x600.jpg 994w, https:\/\/www.cegazelles.net\/wp-content\/uploads\/2021\/12\/SI-Mboloko-Les-Gazelles-1-1-300x181.jpg 300w, https:\/\/www.cegazelles.net\/wp-content\/uploads\/2021\/12\/SI-Mboloko-Les-Gazelles-1-1-768x464.jpg 768w, https:\/\/www.cegazelles.net\/wp-content\/uploads\/2021\/12\/SI-Mboloko-Les-Gazelles-1-1-1536x927.jpg 1536w, https:\/\/www.cegazelles.net\/wp-content\/uploads\/2021\/12\/SI-Mboloko-Les-Gazelles-1-1-2048x1237.jpg 2048w, https:\/\/www.cegazelles.net\/wp-content\/uploads\/2021\/12\/SI-Mboloko-Les-Gazelles-1-1-360x217.jpg 360w\" sizes=\"auto, (max-width: 994px) 100vw, 994px\" \/><figcaption>Eduquer ou P\u00e9rir<\/figcaption><\/figure>\n","protected":false},"excerpt":{"rendered":"<p>Septembre 1976, quinze enfants des amis sont accueillis sur la terrasse domiciliaire des Kabangu. Mabika Kalanda, Kaniki, Pasteur Yemba, etc. \u2013&nbsp;quinze parents font confiance \u00e0 Mme Heidi KABANGU et surtout, l\u2019aident quotidiennement \u00e0 r\u00e9fl\u00e9chir sur les programmes et les orientations&hellip;&nbsp;<a href=\"https:\/\/www.cegazelles.net\/?page_id=101\" class=\"more-link\">Lire la suite<\/a><\/p>\n","protected":false},"author":7,"featured_media":521,"parent":0,"menu_order":0,"comment_status":"closed","ping_status":"closed","template":"","meta":{"url":"","client":"","location":"","start_date":"","end_date":"","footnotes":""},"class_list":["post-101","page","type-page","status-publish","has-post-thumbnail","hentry"],"_links":{"self":[{"href":"https:\/\/www.cegazelles.net\/index.php?rest_route=\/wp\/v2\/pages\/101","targetHints":{"allow":["GET"]}}],"collection":[{"href":"https:\/\/www.cegazelles.net\/index.php?rest_route=\/wp\/v2\/pages"}],"about":[{"href":"https:\/\/www.cegazelles.net\/index.php?rest_route=\/wp\/v2\/types\/page"}],"author":[{"embeddable":true,"href":"https:\/\/www.cegazelles.net\/index.php?rest_route=\/wp\/v2\/users\/7"}],"replies":[{"embeddable":true,"href":"https:\/\/www.cegazelles.net\/index.php?rest_route=%2Fwp%2Fv2%2Fcomments&post=101"}],"version-history":[{"count":7,"href":"https:\/\/www.cegazelles.net\/index.php?rest_route=\/wp\/v2\/pages\/101\/revisions"}],"predecessor-version":[{"id":2416,"href":"https:\/\/www.cegazelles.net\/index.php?rest_route=\/wp\/v2\/pages\/101\/revisions\/2416"}],"wp:featuredmedia":[{"embeddable":true,"href":"https:\/\/www.cegazelles.net\/index.php?rest_route=\/wp\/v2\/media\/521"}],"wp:attachment":[{"href":"https:\/\/www.cegazelles.net\/index.php?rest_route=%2Fwp%2Fv2%2Fmedia&parent=101"}],"curies":[{"name":"wp","href":"https:\/\/api.w.org\/{rel}","templated":true}]}}