
{"id":117,"date":"2018-01-09T05:52:00","date_gmt":"2018-01-09T05:52:00","guid":{"rendered":"https:\/\/demo.axlethemes.com\/education-mind-pro\/?page_id=117"},"modified":"2019-03-02T11:59:43","modified_gmt":"2019-03-02T10:59:43","slug":"serviceinformatique","status":"publish","type":"page","link":"https:\/\/www.cegazelles.net\/?page_id=117","title":{"rendered":"Service Informatique"},"content":{"rendered":"<h2 style=\"text-align: center;\"><strong>Service Informatique<\/strong><\/h2>\n<p>Le Service Informatique a pour charges :<\/p>\n<ul>\n<li>Le calcul de la moyenne des notes des \u00e9l\u00e8ves ;<\/li>\n<li>La tenue du site de l\u2019\u00e9cole ;<\/li>\n<li>L\u2019\u00e9dition des lettres et autres documents administratifs officiels ;<\/li>\n<li>L\u2019administration de la base de donn\u00e9es des \u00e9l\u00e8ves et du personnel<\/li>\n<li>Etc.<\/li>\n<\/ul>\n<p>Ce service est sous la responsabilit\u00e9 d\u2019Alphonse-Marie BITULU<\/p>\n<table style=\"height: 441px;\" width=\"634\">\n<tbody>\n<tr>\n<td><\/td>\n<td><\/td>\n<td>\n<h3 style=\"text-align: center;\"><strong><img loading=\"lazy\" decoding=\"async\" class=\" wp-image-487 alignleft\" src=\"https:\/\/www.cegazelles.net\/wp-content\/uploads\/2018\/09\/Bitulu.jpg\" alt=\"\" width=\"146\" height=\"196\" \/>Alphonse-Marie BITULU<\/strong><\/h3>\n<p style=\"text-align: center;\">Administration<br \/>\nDocuments officiels<\/p>\n<p style=\"text-align: center;\"><b>+243 <\/b><strong>818109544<\/strong><\/p>\n<p style=\"text-align: center;\"><strong><u><a href=\"mailto:almabit@gmail.com\">almabit@cegazelles.net<\/a><\/u><\/strong><br \/>\n<strong><u><a href=\"mailto:almabit@gmail.com\">almabit@gmail.com<\/a><\/u><\/strong><\/p>\n<\/td>\n<td><\/td>\n<\/tr>\n<tr>\n<td><\/td>\n<td><\/td>\n<td><\/td>\n<td><\/td>\n<\/tr>\n<\/tbody>\n<\/table>\n","protected":false},"excerpt":{"rendered":"<p>Service Informatique Le Service Informatique a pour charges : Le calcul de la moyenne des notes des \u00e9l\u00e8ves ; La tenue du site de l\u2019\u00e9cole ; L\u2019\u00e9dition des lettres et autres documents administratifs officiels ; L\u2019administration de la base de&hellip;&nbsp;<a href=\"https:\/\/www.cegazelles.net\/?page_id=117\" class=\"more-link\">Lire la suite<\/a><\/p>\n","protected":false},"author":7,"featured_media":485,"parent":0,"menu_order":0,"comment_status":"closed","ping_status":"closed","template":"","meta":{"url":"","client":"","location":"","start_date":"","end_date":"","footnotes":""},"class_list":["post-117","page","type-page","status-publish","has-post-thumbnail","hentry"],"_links":{"self":[{"href":"https:\/\/www.cegazelles.net\/index.php?rest_route=\/wp\/v2\/pages\/117","targetHints":{"allow":["GET"]}}],"collection":[{"href":"https:\/\/www.cegazelles.net\/index.php?rest_route=\/wp\/v2\/pages"}],"about":[{"href":"https:\/\/www.cegazelles.net\/index.php?rest_route=\/wp\/v2\/types\/page"}],"author":[{"embeddable":true,"href":"https:\/\/www.cegazelles.net\/index.php?rest_route=\/wp\/v2\/users\/7"}],"replies":[{"embeddable":true,"href":"https:\/\/www.cegazelles.net\/index.php?rest_route=%2Fwp%2Fv2%2Fcomments&post=117"}],"version-history":[{"count":18,"href":"https:\/\/www.cegazelles.net\/index.php?rest_route=\/wp\/v2\/pages\/117\/revisions"}],"predecessor-version":[{"id":2169,"href":"https:\/\/www.cegazelles.net\/index.php?rest_route=\/wp\/v2\/pages\/117\/revisions\/2169"}],"wp:featuredmedia":[{"embeddable":true,"href":"https:\/\/www.cegazelles.net\/index.php?rest_route=\/wp\/v2\/media\/485"}],"wp:attachment":[{"href":"https:\/\/www.cegazelles.net\/index.php?rest_route=%2Fwp%2Fv2%2Fmedia&parent=117"}],"curies":[{"name":"wp","href":"https:\/\/api.w.org\/{rel}","templated":true}]}}