
{"id":1476,"date":"2019-02-02T02:13:51","date_gmt":"2019-02-02T01:13:51","guid":{"rendered":"https:\/\/www.cegazelles.net\/?page_id=1476"},"modified":"2019-02-02T03:24:48","modified_gmt":"2019-02-02T02:24:48","slug":"comite-des-parents-deleves","status":"publish","type":"page","link":"https:\/\/www.cegazelles.net\/?page_id=1476","title":{"rendered":"Comit\u00e9 des Parents d&rsquo;\u00e9l\u00e8ves"},"content":{"rendered":"\n<p>Page \u00e0 venir<\/p>\n","protected":false},"excerpt":{"rendered":"<p>Page \u00e0 venir<\/p>\n","protected":false},"author":7,"featured_media":0,"parent":0,"menu_order":0,"comment_status":"closed","ping_status":"closed","template":"","meta":{"url":"","client":"","location":"","start_date":"","end_date":"","footnotes":""},"class_list":["post-1476","page","type-page","status-publish","hentry"],"_links":{"self":[{"href":"https:\/\/www.cegazelles.net\/index.php?rest_route=\/wp\/v2\/pages\/1476","targetHints":{"allow":["GET"]}}],"collection":[{"href":"https:\/\/www.cegazelles.net\/index.php?rest_route=\/wp\/v2\/pages"}],"about":[{"href":"https:\/\/www.cegazelles.net\/index.php?rest_route=\/wp\/v2\/types\/page"}],"author":[{"embeddable":true,"href":"https:\/\/www.cegazelles.net\/index.php?rest_route=\/wp\/v2\/users\/7"}],"replies":[{"embeddable":true,"href":"https:\/\/www.cegazelles.net\/index.php?rest_route=%2Fwp%2Fv2%2Fcomments&post=1476"}],"version-history":[{"count":2,"href":"https:\/\/www.cegazelles.net\/index.php?rest_route=\/wp\/v2\/pages\/1476\/revisions"}],"predecessor-version":[{"id":1520,"href":"https:\/\/www.cegazelles.net\/index.php?rest_route=\/wp\/v2\/pages\/1476\/revisions\/1520"}],"wp:attachment":[{"href":"https:\/\/www.cegazelles.net\/index.php?rest_route=%2Fwp%2Fv2%2Fmedia&parent=1476"}],"curies":[{"name":"wp","href":"https:\/\/api.w.org\/{rel}","templated":true}]}}