
{"id":389,"date":"2018-09-17T21:12:10","date_gmt":"2018-09-17T21:12:10","guid":{"rendered":"https:\/\/www.cegazelles.net\/?page_id=389"},"modified":"2021-12-09T12:20:08","modified_gmt":"2021-12-09T11:20:08","slug":"ecoleprimaire","status":"publish","type":"page","link":"https:\/\/www.cegazelles.net\/?page_id=389","title":{"rendered":"Ecole Primaire"},"content":{"rendered":"<h1 style=\"text-align: center;\">&nbsp;<\/h1>\n<p>L\u2019\u00e9cole primaire est l\u2019<em>\u00e9cole fondamentale<\/em>. C\u2019est l\u2019\u00e9tape la plus importante de toute \u00e9ducation. L\u2019enfant y apprend la lecture, l\u2019\u00e9criture, le calcul. Il y apprend aussi la r\u00e9flexion, le sens d\u2019analyse.&nbsp;L\u2019\u00e9cole primaire pr\u00e9pare les enfants pour la vie, en leur permettant d\u2019\u00eatre utiles \u00e0 la soci\u00e9t\u00e9, et en leur donnant le bagage n\u00e9cessaire pour&nbsp;poursuivre&nbsp;<strong><a href=\"https:\/\/www.cegazelles.net\/ecole-secondaire\/\">des \u00e9tudes secondaires<\/a><\/strong>.<\/p>\n<p>Le niveau primaire des Gazelles compte&nbsp;<strong>six classes<\/strong>. Les classes sont regroup\u00e9es en degr\u00e9 : degr\u00e9&nbsp;<em>\u00e9l\u00e9mentaire<\/em>&nbsp;(1\u00e8re et 2\u00e8me primaire), degr\u00e9&nbsp;<em>moyen<\/em>&nbsp;(3\u00e8me et 4\u00e8me primaire) et degr\u00e9&nbsp;<em>terminal<\/em>&nbsp;(5\u00e8me et 6\u00e8me primaire). Chaque classe passe 6 fois 50 minutes de cours, de 7h30 \u00e0 12h30, avec une pause de trente minutes \u00e0 dix heures.<\/p>\n<p>Notre \u00e9cole primaire se distingue des autres par ceci : chaque semaine, les classes font des&nbsp;<strong><a href=\"https:\/\/www.cegazelles.net\/travaux-manuels\/\">travaux manuels<\/a><\/strong>, se rendent \u00e0 la&nbsp;<strong><a href=\"https:\/\/www.cegazelles.net\/bibliotheque\/\">biblioth\u00e8que<\/a><\/strong>&nbsp;pour la lecture et, \u00e0 partir de la 5\u00e8me primaire, les \u00e9l\u00e8ves sont initi\u00e9s \u00e0 l\u2019<strong><a href=\"https:\/\/www.cegazelles.net\/initiation-a-linformatique\/\">informatique<\/a><\/strong>. Il ne se passe pas un mois sans que le&nbsp;<strong><a href=\"https:\/\/www.cegazelles.net\/musee\/\">mus\u00e9e<\/a><\/strong>&nbsp;ne soit visit\u00e9. Une fois par trimestre au moins, les enseignants du primaire organisent, en fonction du th\u00e8me, des&nbsp;<strong><a href=\"https:\/\/www.cegazelles.net\/classes-promenades\/\">sorties \u00e9ducatives<\/a><\/strong>.<\/p>\n<p>Toutes ces particularit\u00e9s sont si pr\u00e9cieusement gard\u00e9es, sous l\u2019\u0153il vigilant du Directeur MUSU KARASSA<\/p>\n<p>Sur notre page <a href=\"https:\/\/www.cegazelles.net\/resultats-scolaires\/\">R\u00e9sultats Scolaires<\/a>, vous pouvez voir les r\u00e9sultats de nos \u00e9l\u00e8ves de 6\u00e8m primaire au TENAFEP sur les derni\u00e8res ann\u00e9es.<\/p>\n\n\n<div class=\"wp-block-columns are-vertically-aligned-top is-layout-flex wp-container-core-columns-is-layout-9d6595d7 wp-block-columns-is-layout-flex\">\n<div class=\"wp-block-column is-vertically-aligned-top is-layout-flow wp-block-column-is-layout-flow\" style=\"flex-basis:100%\">\n<h3 class=\"has-text-align-center wp-block-heading\">Le primaire, l\u2019\u00e9cole de base.&nbsp;<strong>Six classes<\/strong>&nbsp;sont ouvertes :<\/h3>\n\n\n\n<figure class=\"wp-block-image size-large\"><img loading=\"lazy\" decoding=\"async\" width=\"1032\" height=\"581\" src=\"https:\/\/www.cegazelles.net\/wp-content\/uploads\/2021\/12\/20211209_090943-1032x581.jpg\" alt=\"\" class=\"wp-image-2472\" srcset=\"https:\/\/www.cegazelles.net\/wp-content\/uploads\/2021\/12\/20211209_090943-1032x581.jpg 1032w, https:\/\/www.cegazelles.net\/wp-content\/uploads\/2021\/12\/20211209_090943-300x169.jpg 300w, https:\/\/www.cegazelles.net\/wp-content\/uploads\/2021\/12\/20211209_090943-768x432.jpg 768w, https:\/\/www.cegazelles.net\/wp-content\/uploads\/2021\/12\/20211209_090943-1536x864.jpg 1536w, https:\/\/www.cegazelles.net\/wp-content\/uploads\/2021\/12\/20211209_090943-2048x1152.jpg 2048w, https:\/\/www.cegazelles.net\/wp-content\/uploads\/2021\/12\/20211209_090943-360x203.jpg 360w\" sizes=\"auto, (max-width: 1032px) 100vw, 1032px\" \/><figcaption>Photo de classe 1<sup>\u00e8re <\/sup>Primaire 2021-2022<\/figcaption><\/figure>\n\n\n\n<figure class=\"wp-block-image size-large\"><img loading=\"lazy\" decoding=\"async\" width=\"1032\" height=\"581\" src=\"https:\/\/www.cegazelles.net\/wp-content\/uploads\/2021\/12\/20211209_091830-1032x581.jpg\" alt=\"\" class=\"wp-image-2474\" srcset=\"https:\/\/www.cegazelles.net\/wp-content\/uploads\/2021\/12\/20211209_091830-1032x581.jpg 1032w, https:\/\/www.cegazelles.net\/wp-content\/uploads\/2021\/12\/20211209_091830-300x169.jpg 300w, https:\/\/www.cegazelles.net\/wp-content\/uploads\/2021\/12\/20211209_091830-768x432.jpg 768w, https:\/\/www.cegazelles.net\/wp-content\/uploads\/2021\/12\/20211209_091830-1536x864.jpg 1536w, https:\/\/www.cegazelles.net\/wp-content\/uploads\/2021\/12\/20211209_091830-2048x1152.jpg 2048w, https:\/\/www.cegazelles.net\/wp-content\/uploads\/2021\/12\/20211209_091830-360x203.jpg 360w\" sizes=\"auto, (max-width: 1032px) 100vw, 1032px\" \/><figcaption>Photo de classe 2<sup>\u00e8me <\/sup>Primaire 2021-2022<\/figcaption><\/figure>\n\n\n\n<figure class=\"wp-block-image size-large\"><img loading=\"lazy\" decoding=\"async\" width=\"1032\" height=\"581\" src=\"https:\/\/www.cegazelles.net\/wp-content\/uploads\/2021\/12\/20211209_091455-1032x581.jpg\" alt=\"\" class=\"wp-image-2473\" srcset=\"https:\/\/www.cegazelles.net\/wp-content\/uploads\/2021\/12\/20211209_091455-1032x581.jpg 1032w, https:\/\/www.cegazelles.net\/wp-content\/uploads\/2021\/12\/20211209_091455-300x169.jpg 300w, https:\/\/www.cegazelles.net\/wp-content\/uploads\/2021\/12\/20211209_091455-768x432.jpg 768w, https:\/\/www.cegazelles.net\/wp-content\/uploads\/2021\/12\/20211209_091455-1536x864.jpg 1536w, https:\/\/www.cegazelles.net\/wp-content\/uploads\/2021\/12\/20211209_091455-2048x1152.jpg 2048w, https:\/\/www.cegazelles.net\/wp-content\/uploads\/2021\/12\/20211209_091455-360x203.jpg 360w\" sizes=\"auto, (max-width: 1032px) 100vw, 1032px\" \/><figcaption>Photo de classe 3<sup>\u00e8me <\/sup>Primaire 2021-2022<\/figcaption><\/figure>\n\n\n\n<figure class=\"wp-block-image size-large\"><img loading=\"lazy\" decoding=\"async\" width=\"1032\" height=\"581\" src=\"https:\/\/www.cegazelles.net\/wp-content\/uploads\/2021\/12\/20211209_092256-1032x581.jpg\" alt=\"\" class=\"wp-image-2475\" srcset=\"https:\/\/www.cegazelles.net\/wp-content\/uploads\/2021\/12\/20211209_092256-1032x581.jpg 1032w, https:\/\/www.cegazelles.net\/wp-content\/uploads\/2021\/12\/20211209_092256-300x169.jpg 300w, https:\/\/www.cegazelles.net\/wp-content\/uploads\/2021\/12\/20211209_092256-768x432.jpg 768w, https:\/\/www.cegazelles.net\/wp-content\/uploads\/2021\/12\/20211209_092256-1536x864.jpg 1536w, https:\/\/www.cegazelles.net\/wp-content\/uploads\/2021\/12\/20211209_092256-2048x1152.jpg 2048w, https:\/\/www.cegazelles.net\/wp-content\/uploads\/2021\/12\/20211209_092256-360x203.jpg 360w\" sizes=\"auto, (max-width: 1032px) 100vw, 1032px\" \/><figcaption>Photo de classe 4<sup>\u00e8me <\/sup>Primaire 2021-2022<\/figcaption><\/figure>\n<\/div>\n<\/div>\n","protected":false},"excerpt":{"rendered":"<p>&nbsp; L\u2019\u00e9cole primaire est l\u2019\u00e9cole fondamentale. C\u2019est l\u2019\u00e9tape la plus importante de toute \u00e9ducation. L\u2019enfant y apprend la lecture, l\u2019\u00e9criture, le calcul. Il y apprend aussi la r\u00e9flexion, le sens d\u2019analyse.&nbsp;L\u2019\u00e9cole primaire pr\u00e9pare les enfants pour la vie, en leur&hellip;&nbsp;<a href=\"https:\/\/www.cegazelles.net\/?page_id=389\" class=\"more-link\">Lire la suite<\/a><\/p>\n","protected":false},"author":7,"featured_media":2477,"parent":0,"menu_order":0,"comment_status":"closed","ping_status":"closed","template":"","meta":{"url":"","client":"","location":"","start_date":"","end_date":"","footnotes":""},"class_list":["post-389","page","type-page","status-publish","has-post-thumbnail","hentry"],"_links":{"self":[{"href":"https:\/\/www.cegazelles.net\/index.php?rest_route=\/wp\/v2\/pages\/389","targetHints":{"allow":["GET"]}}],"collection":[{"href":"https:\/\/www.cegazelles.net\/index.php?rest_route=\/wp\/v2\/pages"}],"about":[{"href":"https:\/\/www.cegazelles.net\/index.php?rest_route=\/wp\/v2\/types\/page"}],"author":[{"embeddable":true,"href":"https:\/\/www.cegazelles.net\/index.php?rest_route=\/wp\/v2\/users\/7"}],"replies":[{"embeddable":true,"href":"https:\/\/www.cegazelles.net\/index.php?rest_route=%2Fwp%2Fv2%2Fcomments&post=389"}],"version-history":[{"count":18,"href":"https:\/\/www.cegazelles.net\/index.php?rest_route=\/wp\/v2\/pages\/389\/revisions"}],"predecessor-version":[{"id":2478,"href":"https:\/\/www.cegazelles.net\/index.php?rest_route=\/wp\/v2\/pages\/389\/revisions\/2478"}],"wp:featuredmedia":[{"embeddable":true,"href":"https:\/\/www.cegazelles.net\/index.php?rest_route=\/wp\/v2\/media\/2477"}],"wp:attachment":[{"href":"https:\/\/www.cegazelles.net\/index.php?rest_route=%2Fwp%2Fv2%2Fmedia&parent=389"}],"curies":[{"name":"wp","href":"https:\/\/api.w.org\/{rel}","templated":true}]}}