
{"id":392,"date":"2018-09-17T21:12:10","date_gmt":"2018-09-17T21:12:10","guid":{"rendered":"https:\/\/www.cegazelles.net\/?page_id=392"},"modified":"2021-12-30T10:39:08","modified_gmt":"2021-12-30T09:39:08","slug":"hum-pedagogiques","status":"publish","type":"page","link":"https:\/\/www.cegazelles.net\/?page_id=392","title":{"rendered":"Humanit\u00e9s P\u00e9dagogiques"},"content":{"rendered":"<p>Les humanit\u00e9s p\u00e9dagogiques ont pour but&nbsp;<em>la formation des futurs enseignants<\/em>. L\u2019\u00e9cole travaille pour l\u2019accomplissement de cet objectif primordial. C\u2019est ainsi que les \u00e9l\u00e8ves qui embrassent la section effectuent 3 stages p\u00e9dagogiques.<\/p>\n<table style=\"height: 147px;\" width=\"721\">\n<tbody>\n<tr>\n<td><strong>1<sup>ere<\/sup> HP<\/strong><br>LUKISA MAYULA Guy-Joseph<br>TULUMINA HOKO<\/td>\n<td><strong>2<sup>\u00e8me<\/sup>HP<\/strong><br>Isabelle MWADI<br>Okit\u2019ol WEMBO&nbsp;<\/td>\n<\/tr>\n<tr>\n<td><strong>3<sup>\u00e8me<\/sup> HP<\/strong><br>Rombaut MALEKA<\/td>\n<td><strong>4<sup>\u00e8me<\/sup>HP<\/strong><br>KAKINANU&nbsp; PANGU<br>KAMBONGO KAMBONGO<\/td>\n<\/tr>\n<\/tbody>\n<\/table>\n<p>L\u2019apprentissage au m\u00e9tier d\u2019enseignant est jalonn\u00e9 de stages d\u00e8s la deuxi\u00e8me ann\u00e9e de formation, soit en 1<sup>ere<\/sup> des Humanit\u00e9s P\u00e9dagogiques. En 3<sup>\u00e8me<\/sup> et en 6\u00e8me, les \u00e9l\u00e8ves enseignent dans les classes du primaire chaque semaine, ce qui leur permet d\u2019aiguiser leur art d\u2019enseigner, en acqu\u00e9rant de l\u2019exp\u00e9rience et en se laissant corriger par les ma\u00eetres des classes, en plus de leurs professeurs de P\u00e9dagogie. Dans chacune de ces classes, les \u00e9l\u00e8ves passent, en plus, un stage pratique d\u2019une semaine ; en 3<sup>\u00e8me<\/sup>, ce stage s\u2019effectue dans les \u00e9coles de la ville (Aurore et Loupiots), et en 4<sup>\u00e8me<\/sup>, les \u00e9l\u00e8ves passent le stage en milieu rurale, \u00e0 plus de 120 km de Kinshasa.<\/p>\n<p style=\"text-align: center;\"><strong>Le\u00e7on d\u2019essai de la g\u00e9ographe des \u00e9l\u00e8ves de la 4<sup>e<\/sup> HP de la promotion actuelle 2021-2022 ce mardi 07 d\u00e9cembre 2021.<\/strong><\/p>\n\n\n<figure class=\"wp-block-image size-large\"><img loading=\"lazy\" decoding=\"async\" width=\"832\" height=\"600\" src=\"https:\/\/www.cegazelles.net\/wp-content\/uploads\/2021\/12\/1HP-832x600.jpg\" alt=\"\" class=\"wp-image-2492\" srcset=\"https:\/\/www.cegazelles.net\/wp-content\/uploads\/2021\/12\/1HP-832x600.jpg 832w, https:\/\/www.cegazelles.net\/wp-content\/uploads\/2021\/12\/1HP-300x216.jpg 300w, https:\/\/www.cegazelles.net\/wp-content\/uploads\/2021\/12\/1HP-768x554.jpg 768w, https:\/\/www.cegazelles.net\/wp-content\/uploads\/2021\/12\/1HP-1536x1108.jpg 1536w, https:\/\/www.cegazelles.net\/wp-content\/uploads\/2021\/12\/1HP-2048x1477.jpg 2048w, https:\/\/www.cegazelles.net\/wp-content\/uploads\/2021\/12\/1HP-360x260.jpg 360w\" sizes=\"auto, (max-width: 832px) 100vw, 832px\" \/><\/figure>\n\n\n\n<figure class=\"wp-block-image size-large\"><img loading=\"lazy\" decoding=\"async\" width=\"832\" height=\"600\" src=\"https:\/\/www.cegazelles.net\/wp-content\/uploads\/2021\/12\/2HP-832x600.jpg\" alt=\"\" class=\"wp-image-2497\" srcset=\"https:\/\/www.cegazelles.net\/wp-content\/uploads\/2021\/12\/2HP-832x600.jpg 832w, https:\/\/www.cegazelles.net\/wp-content\/uploads\/2021\/12\/2HP-300x216.jpg 300w, https:\/\/www.cegazelles.net\/wp-content\/uploads\/2021\/12\/2HP-768x554.jpg 768w, https:\/\/www.cegazelles.net\/wp-content\/uploads\/2021\/12\/2HP-1536x1108.jpg 1536w, https:\/\/www.cegazelles.net\/wp-content\/uploads\/2021\/12\/2HP-2048x1477.jpg 2048w, https:\/\/www.cegazelles.net\/wp-content\/uploads\/2021\/12\/2HP-360x260.jpg 360w\" sizes=\"auto, (max-width: 832px) 100vw, 832px\" \/><\/figure>\n\n\n\n<figure class=\"wp-block-image size-large\"><img loading=\"lazy\" decoding=\"async\" width=\"832\" height=\"600\" src=\"https:\/\/www.cegazelles.net\/wp-content\/uploads\/2021\/12\/3HP-832x600.jpg\" alt=\"\" class=\"wp-image-2502\" srcset=\"https:\/\/www.cegazelles.net\/wp-content\/uploads\/2021\/12\/3HP-832x600.jpg 832w, https:\/\/www.cegazelles.net\/wp-content\/uploads\/2021\/12\/3HP-300x216.jpg 300w, https:\/\/www.cegazelles.net\/wp-content\/uploads\/2021\/12\/3HP-768x554.jpg 768w, https:\/\/www.cegazelles.net\/wp-content\/uploads\/2021\/12\/3HP-1536x1108.jpg 1536w, https:\/\/www.cegazelles.net\/wp-content\/uploads\/2021\/12\/3HP-2048x1477.jpg 2048w, https:\/\/www.cegazelles.net\/wp-content\/uploads\/2021\/12\/3HP-360x260.jpg 360w\" sizes=\"auto, (max-width: 832px) 100vw, 832px\" \/><\/figure>\n\n\n\n<figure class=\"wp-block-image size-large\"><img loading=\"lazy\" decoding=\"async\" width=\"832\" height=\"600\" src=\"https:\/\/www.cegazelles.net\/wp-content\/uploads\/2021\/12\/4HP-a-832x600.jpg\" alt=\"\" class=\"wp-image-2506\" srcset=\"https:\/\/www.cegazelles.net\/wp-content\/uploads\/2021\/12\/4HP-a-832x600.jpg 832w, https:\/\/www.cegazelles.net\/wp-content\/uploads\/2021\/12\/4HP-a-300x216.jpg 300w, https:\/\/www.cegazelles.net\/wp-content\/uploads\/2021\/12\/4HP-a-768x554.jpg 768w, https:\/\/www.cegazelles.net\/wp-content\/uploads\/2021\/12\/4HP-a-1536x1108.jpg 1536w, https:\/\/www.cegazelles.net\/wp-content\/uploads\/2021\/12\/4HP-a-2048x1477.jpg 2048w, https:\/\/www.cegazelles.net\/wp-content\/uploads\/2021\/12\/4HP-a-360x260.jpg 360w\" sizes=\"auto, (max-width: 832px) 100vw, 832px\" \/><\/figure>\n\n\n\n<p>Sur notre page <a href=\"https:\/\/www.cegazelles.net\/resultats-scolaires\/\">R\u00e9sultats Scolaires<\/a>, vous pouvez voir les r\u00e9sultats de nos \u00e9l\u00e8ves de <em>4<sup>\u00e8me<\/sup> HP<\/em> aux Examen d&rsquo;Etat sur les derni\u00e8res ann\u00e9es.<\/p>\n","protected":false},"excerpt":{"rendered":"<p>Les humanit\u00e9s p\u00e9dagogiques ont pour but&nbsp;la formation des futurs enseignants. L\u2019\u00e9cole travaille pour l\u2019accomplissement de cet objectif primordial. C\u2019est ainsi que les \u00e9l\u00e8ves qui embrassent la section effectuent 3 stages p\u00e9dagogiques. 1ere HPLUKISA MAYULA Guy-JosephTULUMINA HOKO 2\u00e8meHPIsabelle MWADIOkit\u2019ol WEMBO&nbsp; 3\u00e8me&hellip;&nbsp;<a href=\"https:\/\/www.cegazelles.net\/?page_id=392\" class=\"more-link\">Lire la suite<\/a><\/p>\n","protected":false},"author":7,"featured_media":2418,"parent":0,"menu_order":0,"comment_status":"closed","ping_status":"closed","template":"","meta":{"url":"","client":"","location":"","start_date":"","end_date":"","footnotes":""},"class_list":["post-392","page","type-page","status-publish","has-post-thumbnail","hentry"],"_links":{"self":[{"href":"https:\/\/www.cegazelles.net\/index.php?rest_route=\/wp\/v2\/pages\/392","targetHints":{"allow":["GET"]}}],"collection":[{"href":"https:\/\/www.cegazelles.net\/index.php?rest_route=\/wp\/v2\/pages"}],"about":[{"href":"https:\/\/www.cegazelles.net\/index.php?rest_route=\/wp\/v2\/types\/page"}],"author":[{"embeddable":true,"href":"https:\/\/www.cegazelles.net\/index.php?rest_route=\/wp\/v2\/users\/7"}],"replies":[{"embeddable":true,"href":"https:\/\/www.cegazelles.net\/index.php?rest_route=%2Fwp%2Fv2%2Fcomments&post=392"}],"version-history":[{"count":26,"href":"https:\/\/www.cegazelles.net\/index.php?rest_route=\/wp\/v2\/pages\/392\/revisions"}],"predecessor-version":[{"id":2511,"href":"https:\/\/www.cegazelles.net\/index.php?rest_route=\/wp\/v2\/pages\/392\/revisions\/2511"}],"wp:featuredmedia":[{"embeddable":true,"href":"https:\/\/www.cegazelles.net\/index.php?rest_route=\/wp\/v2\/media\/2418"}],"wp:attachment":[{"href":"https:\/\/www.cegazelles.net\/index.php?rest_route=%2Fwp%2Fv2%2Fmedia&parent=392"}],"curies":[{"name":"wp","href":"https:\/\/api.w.org\/{rel}","templated":true}]}}