
{"id":7,"date":"2018-01-08T14:58:52","date_gmt":"2018-01-08T14:58:52","guid":{"rendered":"https:\/\/demo.axlethemes.com\/education-mind-pro\/?page_id=7"},"modified":"2018-10-29T13:27:34","modified_gmt":"2018-10-29T11:27:34","slug":"reglement-de-leleve","status":"publish","type":"page","link":"https:\/\/www.cegazelles.net\/?page_id=7","title":{"rendered":"R\u00e8glement de l&rsquo;\u00e9l\u00e8ve"},"content":{"rendered":"<h2 style=\"text-align: center;\"><strong>R\u00c8GLEMENT DE L&rsquo;\u00c9L\u00c8VE<\/strong><\/h2>\n<p>&nbsp;<\/p>\n<p>Pour nous permettre de tendre sans cesse vers notre id\u00e9al \u00ab <em><strong>Pr\u00e9paration \u00e0 la vie par la vie<\/strong> <\/em>\u00bb,<br \/>\nnous nous entendons pour adopter ces directives comme un des moyens propices.<\/p>\n<p>&nbsp;<\/p>\n<ol>\n<li><em>D\u00e9but et fin des cours<\/em> :<\/li>\n<\/ol>\n<ul>\n<li>Ecole Maternelle : 08 h 00 \u2013 12 h 00;<\/li>\n<li>Ecole Primaire : 07 h 30 \u2013 12 h 30 (Sonnerie \u00e0 07 h 25);<\/li>\n<li>Ecole Secondaire : 07 h 30 \u2013 13 h 00 (Sonnerie \u00e0 07 h 25)<\/li>\n<\/ul>\n<p>N.B. &#8211; Lorsqu&rsquo;une classe a des activit\u00e9s dans l&rsquo;apr\u00e8s-midi : 14 h 30 \u2013 17 h 00.<br \/>\nLundi : Salut au drapeau \u2013 Sonnerie \u00e0 07 h 15.<\/p>\n<p>&nbsp;<\/p>\n<p><em>2. Prise en charge par l&rsquo;\u00e9cole<\/em> :<\/p>\n<ul>\n<li>D\u00e8s l&rsquo;entr\u00e9e de l&rsquo;enfant le matin, jusqu&rsquo;\u00e0 14 h 00 au plus tard;<\/li>\n<li>Pour l&rsquo;apr\u00e8s-midi, jusqu&rsquo;\u00e0 17 h 30.<br \/>\nL&rsquo;\u00e9cole d\u00e9cline la responsabilit\u00e9 pour tout ce qui peut arriver en dehors de l&rsquo;enceinte scolaire ou en dehors des heures ci-dessus. \u00c0 la fin des cours, les \u00e9l\u00e8ves qui ne doivent pas attendre les parents sont oblig\u00e9s de quitter imm\u00e9diatement l&rsquo;\u00e9cole pour rentrer \u00e0 la maison. Les attroupements dans les environs de l&rsquo;\u00e9cole sont interdits.<\/li>\n<\/ul>\n<p>&nbsp;<\/p>\n<p>3. A 07 h 35, le portail de l\u2019entr\u00e9e principale, comme celui de l\u2019entr\u00e9e du Secondaire est compl\u00e8tement ferm\u00e9. Aucun acc\u00e8s \u00e0 l\u2019\u00e9cole ne sera donc possible pour le retardataire.<\/p>\n<p>&nbsp;<\/p>\n<p>4. En cas d\u2019absence, l\u2019\u00e9l\u00e8ve pr\u00e9sente \u00e0 la Direction une justification \u00e9crite sign\u00e9e par le parent, avant d\u2019entrer en classe. Faute de signature, l\u2019acc\u00e8s lui est interdit. La pluie n&rsquo;est pas un argument valable pour venir en retard ou s&rsquo;absenter : \u00e0 l&rsquo;\u00e9cole, les activit\u00e9s se d\u00e9roulent normalement.<\/p>\n<p>&nbsp;<\/p>\n<p>5. Les sucreries et les boissons gazeuses sont, pour la sant\u00e9, \u00e0 \u00e9viter. Il est interdit de manger ou de boire dans la salle de classe, m\u00eame pendant la r\u00e9cr\u00e9ation ou apr\u00e8s les cours. Dans la grande cour de l&rsquo;\u00e9cole, sous les arbres, il y a disponibilit\u00e9.<\/p>\n<p>&nbsp;<\/p>\n<p>N.B. Pour les activit\u00e9s d&rsquo;apr\u00e8s midi : pr\u00e9voir la collation d\u00e8s la maison.<\/p>\n<p>&nbsp;<\/p>\n<p>6. L&rsquo;\u00e9l\u00e8ve ne doit pas apporter de l&rsquo;argent (sauf frais de transport, frais de collation de l&rsquo;apr\u00e8s-midi), des jouets, des bijoux, etc. Ils seront confisqu\u00e9s sans retour.<\/p>\n<p>&nbsp;<\/p>\n<p>7. Le port du t\u00e9l\u00e9phone mobile ainsi que les appareils de la nouvelle technologie sont strictement interdits \u00e0 l&rsquo;\u00e9cole. La Direction proc\u00e9dera \u00e0 un contr\u00f4le r\u00e9gulier. En cas de saisie, l&rsquo;appareil sera retenu d\u00e9finitivement \u00e0 l&rsquo;\u00e9cole.<\/p>\n<p>&nbsp;<\/p>\n<p>8. En dehors des heures de cours, il n&rsquo;est pas permis de rester en classe, sauf s&rsquo;il y a un enseignant.<\/p>\n<p>&nbsp;<\/p>\n<p>9. Les manuels \u2013 cahiers, livres et journal de classe \u2013 doivent toujours \u00eatre bien couverts. On ne prend \u00e0 la maison que ce dont on a besoin pour le devoir du jour. Et ce, obligatoirement, dans un cartable.<\/p>\n<p>&nbsp;<\/p>\n<p>10. Le Journal de Classe \u2013 doit \u00eatre obligatoirement sign\u00e9 par les parents :<\/p>\n<p>\uf0d8 \u00a0Chaque jour (au Primaire)<br \/>\n\uf0d8 \u00a0A la fin de chaque semaine (au Secondaire)<\/p>\n<p>&nbsp;<\/p>\n<p>11. Tenues convenables : uniforme propre (conforme au mod\u00e8le de l&rsquo;\u00e9cole), non d\u00e9chir\u00e9 et pr\u00e9sentable<\/p>\n<p>\uf0d8 Pour les gar\u00e7ons : cheveux peign\u00e9s, pas de lignes sur la t\u00eate (le cuir chevelu doit \u00eatre visible), barbe ras\u00e9e, pas de tatouage, chaussures de couleur noire, blanche, bleu sombre. Les pantalons juste-au-corps, dits \u00ab cigarettes \u00bb, sont interdits. En cas de non-conformit\u00e9, l\u2019\u00e9l\u00e8ve n\u2019a pas acc\u00e8s aux cours jusqu\u2019apr\u00e8s s\u2019\u00eatre mis en r\u00e8gle.<\/p>\n<p>\uf0d8 Pour les filles : cheveux tress\u00e9s en arri\u00e8re (\u00e9toile) et sans m\u00e8ches ni fioritures, sandales en plastique de couleur noire ou blanche. La jupe d\u2019uniforme doit d\u00e9passer les genoux de 10 cm, pas coll\u00e9e au corps. Pas de tatouage.<br \/>\nN.B. Pas de parfum, ni de grosses boucles.<\/p>\n<p>&nbsp;<\/p>\n<p>12. Il est interdit de courir dans la cour de l&rsquo;\u00e9cole.<\/p>\n<p>&nbsp;<\/p>\n<p>13. Tout d\u00e9g\u00e2t caus\u00e9, et toute perte d\u2019un objet occasionn\u00e9e par un \u00e9l\u00e8ve sont \u00e0 la charge des parents.<\/p>\n<p>&nbsp;<\/p>\n<p>14. Les fruits de nos arbres sont consomm\u00e9s suivant une r\u00e9glementation. On n&rsquo;a pas le droit de se servir comme on l&rsquo;entend.<\/p>\n<p>&nbsp;<\/p>\n<p>15. Les fautes ci-apr\u00e8s seront sanctionn\u00e9es par :<\/p>\n<p>&nbsp;<\/p>\n<p>\uf0d8 Exclusion temporaire : 1 jour + travail scolaire (signature des parents exig\u00e9e)<br \/>\no L\u2019usage du lingala<br \/>\no Restauration dans la salle de classe<br \/>\no Journal de classe non sign\u00e9 (au Primaire 3 signatures manquantes), ou perdu (jusqu\u2019au remplacement avec remplissage des jours de l\u2019ann\u00e9e).<\/p>\n<p>&nbsp;<\/p>\n<p>\uf0d8 Exclusion temporaire : 1 jour en Primaire et 2 jours au Secondaire (avec convocation des parents)<br \/>\no Bagarres (sans jugement) ;<br \/>\no Lancement de projectiles ;<br \/>\no Sortie frauduleuse de l\u2019enceinte de l\u2019\u00e9cole entre l\u2019arriv\u00e9e et le d\u00e9part ;<br \/>\no Attroupement aux alentours de l\u2019\u00e9cole.<\/p>\n<p>&nbsp;<\/p>\n<p>16. L&rsquo;\u00e9cole se r\u00e9serve le droit d&rsquo;exclure d\u00e9finitivement un \u00e9l\u00e8ve qui ne s&rsquo;adapterait pas \u00e0 l&rsquo;esprit de l&rsquo;\u00e9tablissement ou dont le comportement influencerait n\u00e9gativement l&rsquo;ensemble de la classe ou de l&rsquo;\u00e9cole.<\/p>\n<p>&nbsp;<\/p>\n<p>17. Le parent est partenaire. Celui dont le comportement porte atteinte \u00e0 l\u2019honneur de l\u2019\u00e9cole ou dont l\u2019influence affecte n\u00e9gativement le climat entre \u00e9l\u00e8ves, verra son enfant exclu d\u00e9finitivement de l\u2019\u00e9cole.<\/p>\n<p>&nbsp;<\/p>\n<p>&nbsp;<\/p>\n<p>Re\u00e7u et approuv\u00e9 pour engagement<\/p>\n<p>Le Parent<\/p>\n<p>&nbsp;<\/p>\n<p>Revu et approuv\u00e9 le 28 ao\u00fbt 2018<\/p>\n<p>&nbsp;<\/p>\n<p>&nbsp;<\/p>\n<p>&nbsp;<\/p>\n<p>La Direction<br \/>\navec la collaboration des \u00e9l\u00e8ves et du corps enseignant<\/p>\n<p>&nbsp;<\/p>\n<p>&nbsp;<\/p>\n","protected":false},"excerpt":{"rendered":"<p>R\u00c8GLEMENT DE L&rsquo;\u00c9L\u00c8VE &nbsp; Pour nous permettre de tendre sans cesse vers notre id\u00e9al \u00ab Pr\u00e9paration \u00e0 la vie par la vie \u00bb, nous nous entendons pour adopter ces directives comme un des moyens propices. &nbsp; D\u00e9but et fin des&hellip;&nbsp;<a href=\"https:\/\/www.cegazelles.net\/?page_id=7\" class=\"more-link\">Lire la suite<\/a><\/p>\n","protected":false},"author":7,"featured_media":364,"parent":0,"menu_order":0,"comment_status":"closed","ping_status":"closed","template":"","meta":{"url":"","client":"","location":"","start_date":"","end_date":"","footnotes":""},"class_list":["post-7","page","type-page","status-publish","has-post-thumbnail","hentry"],"_links":{"self":[{"href":"https:\/\/www.cegazelles.net\/index.php?rest_route=\/wp\/v2\/pages\/7","targetHints":{"allow":["GET"]}}],"collection":[{"href":"https:\/\/www.cegazelles.net\/index.php?rest_route=\/wp\/v2\/pages"}],"about":[{"href":"https:\/\/www.cegazelles.net\/index.php?rest_route=\/wp\/v2\/types\/page"}],"author":[{"embeddable":true,"href":"https:\/\/www.cegazelles.net\/index.php?rest_route=\/wp\/v2\/users\/7"}],"replies":[{"embeddable":true,"href":"https:\/\/www.cegazelles.net\/index.php?rest_route=%2Fwp%2Fv2%2Fcomments&post=7"}],"version-history":[{"count":12,"href":"https:\/\/www.cegazelles.net\/index.php?rest_route=\/wp\/v2\/pages\/7\/revisions"}],"predecessor-version":[{"id":1302,"href":"https:\/\/www.cegazelles.net\/index.php?rest_route=\/wp\/v2\/pages\/7\/revisions\/1302"}],"wp:featuredmedia":[{"embeddable":true,"href":"https:\/\/www.cegazelles.net\/index.php?rest_route=\/wp\/v2\/media\/364"}],"wp:attachment":[{"href":"https:\/\/www.cegazelles.net\/index.php?rest_route=%2Fwp%2Fv2%2Fmedia&parent=7"}],"curies":[{"name":"wp","href":"https:\/\/api.w.org\/{rel}","templated":true}]}}