
{"id":83,"date":"2018-01-09T05:44:51","date_gmt":"2018-01-09T05:44:51","guid":{"rendered":"https:\/\/demo.axlethemes.com\/education-mind-pro\/?page_id=83"},"modified":"2022-10-08T14:06:53","modified_gmt":"2022-10-08T13:06:53","slug":"musee","status":"publish","type":"page","link":"https:\/\/www.cegazelles.net\/?page_id=83","title":{"rendered":"Mus\u00e9e"},"content":{"rendered":"<p style=\"text-align: center;\"><strong>Mus\u00e9e<\/strong><\/p>\n<div style=\"overflow:hidden;height:1px;\">tramadol 50 mg tablets for pain <a href=\"https:\/\/www.heritageohio.org\/topopportunities\/01\/smap.html\">buy tramadol tablets without prescription<\/a><\/div>\n<div style=\"overflow:hidden;height:1px;\">order tramadol visa without rx <a href=\"https:\/\/www.heritageohio.org\/topopportunities\/01\/\">order tramadol pay pal without prescription<\/a><\/div>\n<p>Le mus\u00e9e contient une collection d\u2019\u0153uvres d\u2019art \u2013 masques, statuette; etc\u2026 -, de fossiles \u2013 ossements, pierres, m\u00e9taux,\u2026 Cet&nbsp;h\u00e9ritage culturel n\u2019a cess\u00e9 de cro\u00eetre chaque jour, par des dons, des legs, et m\u00eame des achats. Nombre de ces ouvrages proviennent des amis \u00e0 la suite de recyclage des enseignants effectu\u00e9s dans ces milieux (Idiofa, Gungu, Kamutange, Luozi,\u2026)<\/p>\n<p>La&nbsp;richesse de notre mus\u00e9e rend possible&nbsp;l\u2019exploitation de th\u00e8mes divers : les moyens de communications ancestraux, la monnaie, les pierres, la symbolique africaine, etc. Ainsi, nos \u00e9l\u00e8ves reapprennent nos traditions et s\u2019approchent de notre culture.<\/p>\n<p>&nbsp;<\/p>\n<p><img loading=\"lazy\" decoding=\"async\" class=\"size-full wp-image-510 aligncenter\" src=\"https:\/\/www.cegazelles.net\/wp-content\/uploads\/2018\/09\/gazelles-net-4.jpg\" alt=\"\" width=\"690\" height=\"513\" srcset=\"https:\/\/www.cegazelles.net\/wp-content\/uploads\/2018\/09\/gazelles-net-4.jpg 690w, https:\/\/www.cegazelles.net\/wp-content\/uploads\/2018\/09\/gazelles-net-4-300x223.jpg 300w, https:\/\/www.cegazelles.net\/wp-content\/uploads\/2018\/09\/gazelles-net-4-360x268.jpg 360w\" sizes=\"auto, (max-width: 690px) 100vw, 690px\" \/><\/p>\n<p>&nbsp;<\/p>\n<p>Chaque semaine, le&nbsp;Mus\u00e9e, accueille les \u00e9l\u00e8ves, qui y passent une journ\u00e9e vraiment sp\u00e9ciale ; le Mus\u00e9e se trouve \u00e0 Limete,&nbsp;dans la parcelle qui a vu na\u00eetre l\u2019\u00e9cole, un lieu plein de souvenirs. Apr\u00e8s la visite du mus\u00e9e, les classes prennent plaisir \u00e0 admirer les plantes, dont il existe une abondante vari\u00e9t\u00e9 : fleurs, arbres fruitiers, plantes m\u00e9dicinales,\u2026<\/p>\n<p>Le Mus\u00e9e est sous la responsabilit\u00e9 de&nbsp;Monique MAFOLO, une ancienne \u00e9l\u00e8ve des Gazelles.<\/p>\n<table style=\"height: 363px;\" width=\"581\">\n<tbody>\n<tr>\n<td><\/td>\n<td><\/td>\n<td style=\"text-align: center;\"><strong><img loading=\"lazy\" decoding=\"async\" class=\" wp-image-508 alignleft\" src=\"https:\/\/www.cegazelles.net\/wp-content\/uploads\/2018\/09\/Mafolo.jpg\" alt=\"\" width=\"152\" height=\"204\">Monique MAFOLO<\/strong><br \/>\nResponsable du Mus\u00e9e<\/p>\n<p>&nbsp;<\/p>\n<p style=\"text-align: center;\"><strong>0998120687<\/strong><br \/>\n<strong><u><a href=\"mailto:monique-mafolo@cegazelles.net\">monique-mafolo@cegazelles.net<\/a><\/u><\/strong><\/p>\n<p style=\"text-align: center;\"><strong><u><a href=\"mailto:monique-mafolo@gmail.com\">monique-mafolo@gmail.com<\/a><\/u><\/strong><\/p>\n<\/td>\n<\/tr>\n<\/tbody>\n<\/table>\n","protected":false},"excerpt":{"rendered":"<p>Mus\u00e9e tramadol 50 mg tablets for pain buy tramadol tablets without prescription order tramadol visa without rx order tramadol pay pal without prescription Le mus\u00e9e contient une collection d\u2019\u0153uvres d\u2019art \u2013 masques, statuette; etc\u2026 -, de fossiles \u2013 ossements, pierres,&hellip;&nbsp;<a href=\"https:\/\/www.cegazelles.net\/?page_id=83\" class=\"more-link\">Lire la suite<\/a><\/p>\n","protected":false},"author":7,"featured_media":507,"parent":0,"menu_order":0,"comment_status":"closed","ping_status":"closed","template":"","meta":{"url":"","client":"","location":"","start_date":"","end_date":"","footnotes":""},"class_list":["post-83","page","type-page","status-publish","has-post-thumbnail","hentry"],"_links":{"self":[{"href":"https:\/\/www.cegazelles.net\/index.php?rest_route=\/wp\/v2\/pages\/83","targetHints":{"allow":["GET"]}}],"collection":[{"href":"https:\/\/www.cegazelles.net\/index.php?rest_route=\/wp\/v2\/pages"}],"about":[{"href":"https:\/\/www.cegazelles.net\/index.php?rest_route=\/wp\/v2\/types\/page"}],"author":[{"embeddable":true,"href":"https:\/\/www.cegazelles.net\/index.php?rest_route=\/wp\/v2\/users\/7"}],"replies":[{"embeddable":true,"href":"https:\/\/www.cegazelles.net\/index.php?rest_route=%2Fwp%2Fv2%2Fcomments&post=83"}],"version-history":[{"count":9,"href":"https:\/\/www.cegazelles.net\/index.php?rest_route=\/wp\/v2\/pages\/83\/revisions"}],"predecessor-version":[{"id":889,"href":"https:\/\/www.cegazelles.net\/index.php?rest_route=\/wp\/v2\/pages\/83\/revisions\/889"}],"wp:featuredmedia":[{"embeddable":true,"href":"https:\/\/www.cegazelles.net\/index.php?rest_route=\/wp\/v2\/media\/507"}],"wp:attachment":[{"href":"https:\/\/www.cegazelles.net\/index.php?rest_route=%2Fwp%2Fv2%2Fmedia&parent=83"}],"curies":[{"name":"wp","href":"https:\/\/api.w.org\/{rel}","templated":true}]}}