
{"id":84,"date":"2018-01-09T05:44:44","date_gmt":"2018-01-09T03:44:44","guid":{"rendered":"https:\/\/demo.axlethemes.com\/education-mind-pro\/?page_id=84"},"modified":"2021-12-14T11:54:36","modified_gmt":"2021-12-14T10:54:36","slug":"bibliotheque","status":"publish","type":"page","link":"https:\/\/www.cegazelles.net\/?page_id=84","title":{"rendered":"Biblioth\u00e8que"},"content":{"rendered":"<p>Notre \u00e9cole abrite une biblioth\u00e8que fournie, avec plus de 10\u2019000 ouvrages. On y trouve un peu de tout : \u00a0manuels scolaires, romans, essais, dictionnaires, encyclop\u00e9dies, p\u00e9riodiques,\u2026<\/p>\n<p>C\u2019est avec joie que L\u00e9onard MUKENDI, le biblioth\u00e9caire, accueille les \u00e9l\u00e8ves chaque semaine, tant pour la lecture sur place que pour les emprunts. Le cadre est agr\u00e9able, bien a\u00e9r\u00e9 et calme.<\/p>\n<p>Quelques ouvrages disponibles dans notre biblioth\u00e8que:<\/p>\n<ol>\n<li><a href=\"https:\/\/www.cegazelles.net\/ouvrage-sur-kinshasa\/\">Ouvrage sur Kinshasa<\/a><\/li>\n<li><a href=\"https:\/\/www.cegazelles.net\/ouvrage-de-psychopedagogie\/\">Ouvrage de Psychop\u00e9dagogie<\/a><\/li>\n<li><a href=\"https:\/\/www.cegazelles.net\/ouvrage-de-philosophie\/\">Ouvrage de Philosophie<\/a><\/li>\n<li><a href=\"https:\/\/www.cegazelles.net\/ouvrages-des-auteurs-congolais\/\">Ouvrages des auteurs congolais<\/a><\/li>\n<\/ol>\n<table style=\"height: 302px;\" width=\"728\">\n<tbody>\n<tr>\n<td><\/td>\n<td><\/td>\n<td>\n<p style=\"text-align: center;\"><strong style=\"font-family: inherit; font-size: inherit;\">Reagan Kakoma<\/strong><strong>\u00a0<img loading=\"lazy\" decoding=\"async\" class=\"alignnone wp-image-2483 \" src=\"https:\/\/www.cegazelles.net\/wp-content\/uploads\/2021\/12\/IMG-20211214-WA0000-225x300.jpg\" alt=\"\" width=\"209\" height=\"279\" srcset=\"https:\/\/www.cegazelles.net\/wp-content\/uploads\/2021\/12\/IMG-20211214-WA0000-225x300.jpg 225w, https:\/\/www.cegazelles.net\/wp-content\/uploads\/2021\/12\/IMG-20211214-WA0000-450x600.jpg 450w, https:\/\/www.cegazelles.net\/wp-content\/uploads\/2021\/12\/IMG-20211214-WA0000-768x1024.jpg 768w, https:\/\/www.cegazelles.net\/wp-content\/uploads\/2021\/12\/IMG-20211214-WA0000-203x270.jpg 203w, https:\/\/www.cegazelles.net\/wp-content\/uploads\/2021\/12\/IMG-20211214-WA0000.jpg 810w\" sizes=\"auto, (max-width: 209px) 100vw, 209px\" \/><\/strong><\/p>\n<p style=\"text-align: center;\">Biblioth\u00e9caire<\/p>\n<p style=\"text-align: center;\"><strong>+243 90 31 23 874<\/strong><\/p>\n<p style=\"text-align: center;\"><strong><u><a href=\"mailto:mukendileonard@cegazelles.net\">mukendileonard@cegazelles.net<\/a><\/u><\/strong><\/p>\n<p style=\"text-align: center;\"><strong><u><a href=\"mailto:mukendileonard@gmail.com\">mukendileonard@gmail.com<\/a><\/u><\/strong><\/p>\n<\/td>\n<\/tr>\n<\/tbody>\n<\/table>\n","protected":false},"excerpt":{"rendered":"<p>Notre \u00e9cole abrite une biblioth\u00e8que fournie, avec plus de 10\u2019000 ouvrages. On y trouve un peu de tout : \u00a0manuels scolaires, romans, essais, dictionnaires, encyclop\u00e9dies, p\u00e9riodiques,\u2026 C\u2019est avec joie que L\u00e9onard MUKENDI, le biblioth\u00e9caire, accueille les \u00e9l\u00e8ves chaque semaine, tant&hellip;&nbsp;<a href=\"https:\/\/www.cegazelles.net\/?page_id=84\" class=\"more-link\">Lire la suite<\/a><\/p>\n","protected":false},"author":7,"featured_media":371,"parent":0,"menu_order":0,"comment_status":"closed","ping_status":"closed","template":"","meta":{"url":"","client":"","location":"","start_date":"","end_date":"","footnotes":""},"class_list":["post-84","page","type-page","status-publish","has-post-thumbnail","hentry"],"_links":{"self":[{"href":"https:\/\/www.cegazelles.net\/index.php?rest_route=\/wp\/v2\/pages\/84","targetHints":{"allow":["GET"]}}],"collection":[{"href":"https:\/\/www.cegazelles.net\/index.php?rest_route=\/wp\/v2\/pages"}],"about":[{"href":"https:\/\/www.cegazelles.net\/index.php?rest_route=\/wp\/v2\/types\/page"}],"author":[{"embeddable":true,"href":"https:\/\/www.cegazelles.net\/index.php?rest_route=\/wp\/v2\/users\/7"}],"replies":[{"embeddable":true,"href":"https:\/\/www.cegazelles.net\/index.php?rest_route=%2Fwp%2Fv2%2Fcomments&post=84"}],"version-history":[{"count":7,"href":"https:\/\/www.cegazelles.net\/index.php?rest_route=\/wp\/v2\/pages\/84\/revisions"}],"predecessor-version":[{"id":2485,"href":"https:\/\/www.cegazelles.net\/index.php?rest_route=\/wp\/v2\/pages\/84\/revisions\/2485"}],"wp:featuredmedia":[{"embeddable":true,"href":"https:\/\/www.cegazelles.net\/index.php?rest_route=\/wp\/v2\/media\/371"}],"wp:attachment":[{"href":"https:\/\/www.cegazelles.net\/index.php?rest_route=%2Fwp%2Fv2%2Fmedia&parent=84"}],"curies":[{"name":"wp","href":"https:\/\/api.w.org\/{rel}","templated":true}]}}