
{"id":85,"date":"2018-01-09T05:44:36","date_gmt":"2018-01-09T05:44:36","guid":{"rendered":"https:\/\/demo.axlethemes.com\/education-mind-pro\/?page_id=85"},"modified":"2021-12-07T11:21:46","modified_gmt":"2021-12-07T10:21:46","slug":"travaux-manuels","status":"publish","type":"page","link":"https:\/\/www.cegazelles.net\/?page_id=85","title":{"rendered":"Travaux Manuels"},"content":{"rendered":"<h2 style=\"text-align: center;\"><strong>Travaux Manuels<\/strong><\/h2>\n<p>\u00a0<\/p>\n<p>Pour chaque \u00e9l\u00e8ve des Gazelles, le jour des Travaux Manuels est un jour saint. C\u2019est LE jour \u2013 leur jour \u00e0 eux. Ils ont l\u2019occasion de bricoler : piquer, d\u00e9couper, coller, colorier, tracer, concevoir,\u2026 Leur imagination se d\u00e9cha\u00eene, avec des r\u00e9sultats totalement fabuleux.<\/p>\n<p>Les th\u00e8mes de travail sont vari\u00e9s, et d\u00e9pendent intimement des temps en cours. Les mat\u00e9riaux de travail proviennent presque tous du recyclage : papier, journal, bouteille en plastique, carton, restes de sacs, et divers autres mat\u00e9riaux.<br \/>La r\u00e9ussite des activit\u00e9s des Travaux Manuels et Bricolage tient du talent de Cl\u00e9mentine NGWETE, ancienne \u00e9l\u00e8ve des Gazelles.<\/p>\n<p>\u00a0<\/p>\n<p><img loading=\"lazy\" decoding=\"async\" class=\"alignnone wp-image-2423 size-medium\" src=\"https:\/\/www.cegazelles.net\/wp-content\/uploads\/2021\/12\/Mme-Clementine-1-200x300.jpg\" alt=\"\" width=\"200\" height=\"300\" srcset=\"https:\/\/www.cegazelles.net\/wp-content\/uploads\/2021\/12\/Mme-Clementine-1-200x300.jpg 200w, https:\/\/www.cegazelles.net\/wp-content\/uploads\/2021\/12\/Mme-Clementine-1-400x600.jpg 400w, https:\/\/www.cegazelles.net\/wp-content\/uploads\/2021\/12\/Mme-Clementine-1-768x1152.jpg 768w, https:\/\/www.cegazelles.net\/wp-content\/uploads\/2021\/12\/Mme-Clementine-1-1024x1536.jpg 1024w, https:\/\/www.cegazelles.net\/wp-content\/uploads\/2021\/12\/Mme-Clementine-1-180x270.jpg 180w, https:\/\/www.cegazelles.net\/wp-content\/uploads\/2021\/12\/Mme-Clementine-1.jpg 1181w\" sizes=\"auto, (max-width: 200px) 100vw, 200px\" \/><\/p>\n<p style=\"text-align: left;\">Cl\u00e9mentine NGWETE<br \/>Travaux Manuels et Bricolage<\/p>\n<p style=\"text-align: left;\">+243 819934633<\/p>\n<p>\u00a0<\/p>\n\n\n<p>Les r\u00e9alisation de l&rsquo;ann\u00e9e 2021 -20222<\/p>\n\n\n\n<figure class=\"wp-block-image size-large\"><img loading=\"lazy\" decoding=\"async\" width=\"1032\" height=\"581\" src=\"https:\/\/www.cegazelles.net\/wp-content\/uploads\/2021\/12\/20211206_091146-1032x581.jpg\" alt=\"\" class=\"wp-image-2428\" srcset=\"https:\/\/www.cegazelles.net\/wp-content\/uploads\/2021\/12\/20211206_091146-1032x581.jpg 1032w, https:\/\/www.cegazelles.net\/wp-content\/uploads\/2021\/12\/20211206_091146-300x169.jpg 300w, https:\/\/www.cegazelles.net\/wp-content\/uploads\/2021\/12\/20211206_091146-768x432.jpg 768w, https:\/\/www.cegazelles.net\/wp-content\/uploads\/2021\/12\/20211206_091146-1536x864.jpg 1536w, https:\/\/www.cegazelles.net\/wp-content\/uploads\/2021\/12\/20211206_091146-2048x1152.jpg 2048w, https:\/\/www.cegazelles.net\/wp-content\/uploads\/2021\/12\/20211206_091146-360x203.jpg 360w\" sizes=\"auto, (max-width: 1032px) 100vw, 1032px\" \/><figcaption><br>Mme Cl\u00e9mentine avec les \u00e9l\u00e8ves de la 4<sup>eme<\/sup> Primaire <\/figcaption><\/figure>\n\n\n\n<figure class=\"wp-block-image size-large\"><img loading=\"lazy\" decoding=\"async\" width=\"1032\" height=\"581\" src=\"https:\/\/www.cegazelles.net\/wp-content\/uploads\/2021\/12\/20211206_091016-1032x581.jpg\" alt=\"\" class=\"wp-image-2430\" srcset=\"https:\/\/www.cegazelles.net\/wp-content\/uploads\/2021\/12\/20211206_091016-1032x581.jpg 1032w, https:\/\/www.cegazelles.net\/wp-content\/uploads\/2021\/12\/20211206_091016-300x169.jpg 300w, https:\/\/www.cegazelles.net\/wp-content\/uploads\/2021\/12\/20211206_091016-768x432.jpg 768w, https:\/\/www.cegazelles.net\/wp-content\/uploads\/2021\/12\/20211206_091016-1536x864.jpg 1536w, https:\/\/www.cegazelles.net\/wp-content\/uploads\/2021\/12\/20211206_091016-2048x1152.jpg 2048w, https:\/\/www.cegazelles.net\/wp-content\/uploads\/2021\/12\/20211206_091016-360x203.jpg 360w\" sizes=\"auto, (max-width: 1032px) 100vw, 1032px\" \/><\/figure>\n\n\n\n<figure class=\"wp-block-image size-large\"><img loading=\"lazy\" decoding=\"async\" width=\"1032\" height=\"581\" src=\"https:\/\/www.cegazelles.net\/wp-content\/uploads\/2021\/12\/20211206_091057-1032x581.jpg\" alt=\"\" class=\"wp-image-2431\" srcset=\"https:\/\/www.cegazelles.net\/wp-content\/uploads\/2021\/12\/20211206_091057-1032x581.jpg 1032w, https:\/\/www.cegazelles.net\/wp-content\/uploads\/2021\/12\/20211206_091057-300x169.jpg 300w, https:\/\/www.cegazelles.net\/wp-content\/uploads\/2021\/12\/20211206_091057-768x432.jpg 768w, https:\/\/www.cegazelles.net\/wp-content\/uploads\/2021\/12\/20211206_091057-1536x864.jpg 1536w, https:\/\/www.cegazelles.net\/wp-content\/uploads\/2021\/12\/20211206_091057-2048x1152.jpg 2048w, https:\/\/www.cegazelles.net\/wp-content\/uploads\/2021\/12\/20211206_091057-360x203.jpg 360w\" sizes=\"auto, (max-width: 1032px) 100vw, 1032px\" \/><\/figure>\n\n\n\n<figure class=\"wp-block-image size-large\"><img loading=\"lazy\" decoding=\"async\" width=\"338\" height=\"600\" src=\"https:\/\/www.cegazelles.net\/wp-content\/uploads\/2021\/12\/20211206_090958-338x600.jpg\" alt=\"\" class=\"wp-image-2432\" srcset=\"https:\/\/www.cegazelles.net\/wp-content\/uploads\/2021\/12\/20211206_090958-338x600.jpg 338w, https:\/\/www.cegazelles.net\/wp-content\/uploads\/2021\/12\/20211206_090958-169x300.jpg 169w, https:\/\/www.cegazelles.net\/wp-content\/uploads\/2021\/12\/20211206_090958-768x1365.jpg 768w, https:\/\/www.cegazelles.net\/wp-content\/uploads\/2021\/12\/20211206_090958-864x1536.jpg 864w, https:\/\/www.cegazelles.net\/wp-content\/uploads\/2021\/12\/20211206_090958-1152x2048.jpg 1152w, https:\/\/www.cegazelles.net\/wp-content\/uploads\/2021\/12\/20211206_090958-152x270.jpg 152w, https:\/\/www.cegazelles.net\/wp-content\/uploads\/2021\/12\/20211206_090958-scaled.jpg 1440w\" sizes=\"auto, (max-width: 338px) 100vw, 338px\" \/><\/figure>\n","protected":false},"excerpt":{"rendered":"<p>Travaux Manuels \u00a0 Pour chaque \u00e9l\u00e8ve des Gazelles, le jour des Travaux Manuels est un jour saint. C\u2019est LE jour \u2013 leur jour \u00e0 eux. Ils ont l\u2019occasion de bricoler : piquer, d\u00e9couper, coller, colorier, tracer, concevoir,\u2026 Leur imagination se&hellip;&nbsp;<a href=\"https:\/\/www.cegazelles.net\/?page_id=85\" class=\"more-link\">Lire la suite<\/a><\/p>\n","protected":false},"author":7,"featured_media":501,"parent":0,"menu_order":0,"comment_status":"closed","ping_status":"closed","template":"","meta":{"url":"","client":"","location":"","start_date":"","end_date":"","footnotes":""},"class_list":["post-85","page","type-page","status-publish","has-post-thumbnail","hentry"],"_links":{"self":[{"href":"https:\/\/www.cegazelles.net\/index.php?rest_route=\/wp\/v2\/pages\/85","targetHints":{"allow":["GET"]}}],"collection":[{"href":"https:\/\/www.cegazelles.net\/index.php?rest_route=\/wp\/v2\/pages"}],"about":[{"href":"https:\/\/www.cegazelles.net\/index.php?rest_route=\/wp\/v2\/types\/page"}],"author":[{"embeddable":true,"href":"https:\/\/www.cegazelles.net\/index.php?rest_route=\/wp\/v2\/users\/7"}],"replies":[{"embeddable":true,"href":"https:\/\/www.cegazelles.net\/index.php?rest_route=%2Fwp%2Fv2%2Fcomments&post=85"}],"version-history":[{"count":9,"href":"https:\/\/www.cegazelles.net\/index.php?rest_route=\/wp\/v2\/pages\/85\/revisions"}],"predecessor-version":[{"id":2433,"href":"https:\/\/www.cegazelles.net\/index.php?rest_route=\/wp\/v2\/pages\/85\/revisions\/2433"}],"wp:featuredmedia":[{"embeddable":true,"href":"https:\/\/www.cegazelles.net\/index.php?rest_route=\/wp\/v2\/media\/501"}],"wp:attachment":[{"href":"https:\/\/www.cegazelles.net\/index.php?rest_route=%2Fwp%2Fv2%2Fmedia&parent=85"}],"curies":[{"name":"wp","href":"https:\/\/api.w.org\/{rel}","templated":true}]}}