
{"id":86,"date":"2018-01-09T05:44:29","date_gmt":"2018-01-09T05:44:29","guid":{"rendered":"https:\/\/demo.axlethemes.com\/education-mind-pro\/?page_id=86"},"modified":"2018-10-29T12:35:41","modified_gmt":"2018-10-29T10:35:41","slug":"initiation-a-linformatique","status":"publish","type":"page","link":"https:\/\/www.cegazelles.net\/?page_id=86","title":{"rendered":"Initiation \u00e0 l&rsquo;informatique"},"content":{"rendered":"<p>Le cours d\u2019Informatique est effectif aux Gazelles. \u00c0 partir de la cinqui\u00e8me primaire, les \u00e9l\u00e8ves fr\u00e9quentent chaque semaine la salle d\u2019informatique pour les apprentissages.<\/p>\n<p>Notre parc informatique est constitu\u00e9 de plus d\u2019une trentaine d\u2019ordinateurs portables. Ces petits appareils sont robustes, et ont une autonomie de plusieurs heures, ce qui pallie au probl\u00e8me de carences en \u00e9lectricit\u00e9, si fr\u00e9quent \u00e0 Kinshasa.<\/p>\n<p>&nbsp;<\/p>\n<h5><img loading=\"lazy\" decoding=\"async\" class=\"size-full wp-image-528 aligncenter\" src=\"https:\/\/www.cegazelles.net\/wp-content\/uploads\/2018\/09\/info4.jpg\" alt=\"\" width=\"433\" height=\"326\" srcset=\"https:\/\/www.cegazelles.net\/wp-content\/uploads\/2018\/09\/info4.jpg 433w, https:\/\/www.cegazelles.net\/wp-content\/uploads\/2018\/09\/info4-300x226.jpg 300w, https:\/\/www.cegazelles.net\/wp-content\/uploads\/2018\/09\/info4-360x270.jpg 360w\" sizes=\"auto, (max-width: 433px) 100vw, 433px\" \/><\/h5>\n<h5 style=\"text-align: center;\">L\u2019apprentissage de l\u2019Informatique est pratique.<\/h5>\n<p>&nbsp;<\/p>\n<p>Les \u00e9l\u00e8ves y apprennent avant toute chose la dactylographie avec 10 doigts. Nous pensons que cet apprentissage est important car la saisie est ce que tout utilisateur d\u2019ordinateur fait d\u2019abord. Ensuite, les \u00e9l\u00e8ves apprennent le traitement de texte (Word), l\u2019utilisation du tableur (Exel), la conception des diapositives (PowerPoint).<\/p>\n<p>Vers\u00a0la fin de leur scolarit\u00e9, ils apprennent l\u2019utilisation responsable d\u2019Internet, et font aussi quelques pas en programmation.<\/p>\n","protected":false},"excerpt":{"rendered":"<p>Le cours d\u2019Informatique est effectif aux Gazelles. \u00c0 partir de la cinqui\u00e8me primaire, les \u00e9l\u00e8ves fr\u00e9quentent chaque semaine la salle d\u2019informatique pour les apprentissages. Notre parc informatique est constitu\u00e9 de plus d\u2019une trentaine d\u2019ordinateurs portables. Ces petits appareils sont robustes,&hellip;&nbsp;<a href=\"https:\/\/www.cegazelles.net\/?page_id=86\" class=\"more-link\">Lire la suite<\/a><\/p>\n","protected":false},"author":7,"featured_media":526,"parent":0,"menu_order":0,"comment_status":"closed","ping_status":"closed","template":"","meta":{"url":"","client":"","location":"","start_date":"","end_date":"","footnotes":""},"class_list":["post-86","page","type-page","status-publish","has-post-thumbnail","hentry"],"_links":{"self":[{"href":"https:\/\/www.cegazelles.net\/index.php?rest_route=\/wp\/v2\/pages\/86","targetHints":{"allow":["GET"]}}],"collection":[{"href":"https:\/\/www.cegazelles.net\/index.php?rest_route=\/wp\/v2\/pages"}],"about":[{"href":"https:\/\/www.cegazelles.net\/index.php?rest_route=\/wp\/v2\/types\/page"}],"author":[{"embeddable":true,"href":"https:\/\/www.cegazelles.net\/index.php?rest_route=\/wp\/v2\/users\/7"}],"replies":[{"embeddable":true,"href":"https:\/\/www.cegazelles.net\/index.php?rest_route=%2Fwp%2Fv2%2Fcomments&post=86"}],"version-history":[{"count":7,"href":"https:\/\/www.cegazelles.net\/index.php?rest_route=\/wp\/v2\/pages\/86\/revisions"}],"predecessor-version":[{"id":2406,"href":"https:\/\/www.cegazelles.net\/index.php?rest_route=\/wp\/v2\/pages\/86\/revisions\/2406"}],"wp:featuredmedia":[{"embeddable":true,"href":"https:\/\/www.cegazelles.net\/index.php?rest_route=\/wp\/v2\/media\/526"}],"wp:attachment":[{"href":"https:\/\/www.cegazelles.net\/index.php?rest_route=%2Fwp%2Fv2%2Fmedia&parent=86"}],"curies":[{"name":"wp","href":"https:\/\/api.w.org\/{rel}","templated":true}]}}