
{"id":910,"date":"2018-10-13T00:23:54","date_gmt":"2018-10-12T22:23:54","guid":{"rendered":"https:\/\/www.cegazelles.net\/?page_id=910"},"modified":"2023-04-23T18:33:39","modified_gmt":"2023-04-23T17:33:39","slug":"resultats-scolaires","status":"publish","type":"page","link":"https:\/\/www.cegazelles.net\/?page_id=910","title":{"rendered":"Resultats Scolaires"},"content":{"rendered":"<h1 style=\"text-align: center;\">R\u00e9sultats TENAFEP &amp; Examen d&rsquo;Etat<\/h1>\n<p>Retrouvez sur cette page, les informations sur les diff\u00e9rentes promotions dipl\u00f4m\u00e9es de notre \u00e9cole. Toutes informations suppl\u00e9mentaires aux donn\u00e9es publi\u00e9es sur notre site, peuvent faire l&rsquo;objet d&rsquo;une demande individuelle aupr\u00e8s de l&rsquo;\u00e9cole. Veuillez prendre contact avec le service de l&rsquo;\u00e9cole via notre page <a href=\"https:\/\/www.cegazelles.net\/contact\/\">Ecrivez-Nous<\/a><\/p>\n<hr>\n<ul>\n<li style=\"text-align: left;\">\n<h3><em>Certificat Ecole Primaire<\/em>:<\/h3>\n<\/li>\n<\/ul>\n<p>Voici la liste des ann\u00e9es scolaires pour lesquelles les r\u00e9sultats sont publi\u00e9es ou les dipl\u00f4mes d&rsquo;\u00e9tat sont disponibles aupr\u00e8s de l&rsquo;\u00e9cole.<\/p>\n<p>Bient\u00f4t disponible<\/p>\n<hr>\n<ul>\n<li>\n<h3><em>Dipl\u00f4me d&rsquo;\u00e9tat<\/em> :<\/h3>\n<\/li>\n<\/ul>\n<p>Voici la liste des ann\u00e9es scolaires pour lesquelles les r\u00e9sultats sont publi\u00e9es et dont certains dipl\u00f4mes d&rsquo;\u00e9tat sont disponibles aupr\u00e8s de l&rsquo;\u00e9cole.<\/p>\n\n\n<div class=\"wp-block-file aligncenter\"><a id=\"wp-block-file--media-944ddbd6-3133-49ca-8027-5239b4284752\" href=\"https:\/\/www.cegazelles.net\/wp-content\/uploads\/2019\/04\/R\u00e9sultats-5e-promotion-093-094-1.pdf\">R\u00e9sultats 5e promotion 93-94<\/a><a href=\"https:\/\/www.cegazelles.net\/wp-content\/uploads\/2019\/04\/R\u00e9sultats-5e-promotion-093-094-1.pdf\" class=\"wp-block-file__button wp-element-button\" download aria-describedby=\"wp-block-file--media-944ddbd6-3133-49ca-8027-5239b4284752\">T\u00e9l\u00e9charger<\/a><\/div>\n\n\n\n<div class=\"wp-block-file aligncenter\"><a id=\"wp-block-file--media-78a4e283-a06f-4459-8b7a-7d2e0aec6ba7\" href=\"https:\/\/www.cegazelles.net\/wp-content\/uploads\/2019\/04\/R\u00e9sultats-6e-promotion-94-95-1.pdf\">R\u00e9sultats 6e promotion 94-95<\/a><a href=\"https:\/\/www.cegazelles.net\/wp-content\/uploads\/2019\/04\/R\u00e9sultats-6e-promotion-94-95-1.pdf\" class=\"wp-block-file__button wp-element-button\" download aria-describedby=\"wp-block-file--media-78a4e283-a06f-4459-8b7a-7d2e0aec6ba7\">T\u00e9l\u00e9charger<\/a><\/div>\n\n\n\n<div class=\"wp-block-file aligncenter\"><a id=\"wp-block-file--media-ad3ccab8-8372-4ffa-8f4e-d05f605824f5\" href=\"https:\/\/www.cegazelles.net\/wp-content\/uploads\/2019\/04\/R\u00e9sultats-7e-promotion-95-96.pdf\">R\u00e9sultats 7e promotion 95-96<\/a><a href=\"https:\/\/www.cegazelles.net\/wp-content\/uploads\/2019\/04\/R\u00e9sultats-7e-promotion-95-96.pdf\" class=\"wp-block-file__button wp-element-button\" download aria-describedby=\"wp-block-file--media-ad3ccab8-8372-4ffa-8f4e-d05f605824f5\">T\u00e9l\u00e9charger<\/a><\/div>\n\n\n\n<div class=\"wp-block-file aligncenter\"><a id=\"wp-block-file--media-9583a2aa-b03d-4f2d-a9df-737a91744763\" href=\"https:\/\/www.cegazelles.net\/wp-content\/uploads\/2019\/04\/R\u00e9sultats-8e-promotion-96-97.pdf\">R\u00e9sultats 8e promotion 96-97<\/a><a href=\"https:\/\/www.cegazelles.net\/wp-content\/uploads\/2019\/04\/R\u00e9sultats-8e-promotion-96-97.pdf\" class=\"wp-block-file__button wp-element-button\" download aria-describedby=\"wp-block-file--media-9583a2aa-b03d-4f2d-a9df-737a91744763\">T\u00e9l\u00e9charger<\/a><\/div>\n\n\n\n<div class=\"wp-block-file aligncenter\"><a id=\"wp-block-file--media-c9f2a420-6217-4e24-b2dc-e8c8a5dc23e2\" href=\"https:\/\/www.cegazelles.net\/wp-content\/uploads\/2019\/04\/R\u00e9sultats-9e-promotion-97-98.pdf\">R\u00e9sultats 9e promotion 97-98<\/a><a href=\"https:\/\/www.cegazelles.net\/wp-content\/uploads\/2019\/04\/R\u00e9sultats-9e-promotion-97-98.pdf\" class=\"wp-block-file__button wp-element-button\" download aria-describedby=\"wp-block-file--media-c9f2a420-6217-4e24-b2dc-e8c8a5dc23e2\">T\u00e9l\u00e9charger<\/a><\/div>\n\n\n\n<div class=\"wp-block-file aligncenter\"><a id=\"wp-block-file--media-a409255e-f485-4ae6-b0f2-a6172db7467c\" href=\"https:\/\/www.cegazelles.net\/wp-content\/uploads\/2019\/04\/R\u00e9sultats-10e-promotion-98-99.pdf\">R\u00e9sultats 10e promotion 98-99<\/a><a href=\"https:\/\/www.cegazelles.net\/wp-content\/uploads\/2019\/04\/R\u00e9sultats-10e-promotion-98-99.pdf\" class=\"wp-block-file__button wp-element-button\" download aria-describedby=\"wp-block-file--media-a409255e-f485-4ae6-b0f2-a6172db7467c\">T\u00e9l\u00e9charger<\/a><\/div>\n\n\n\n<div class=\"wp-block-file aligncenter\"><a id=\"wp-block-file--media-b51a68ef-5208-4c5d-9d19-121991aa7b2d\" href=\"https:\/\/www.cegazelles.net\/wp-content\/uploads\/2019\/04\/R\u00e9sultats-11e-promotion-99-000.pdf\">R\u00e9sultats 11e promotion 99-00<\/a><a href=\"https:\/\/www.cegazelles.net\/wp-content\/uploads\/2019\/04\/R\u00e9sultats-11e-promotion-99-000.pdf\" class=\"wp-block-file__button wp-element-button\" download aria-describedby=\"wp-block-file--media-b51a68ef-5208-4c5d-9d19-121991aa7b2d\">T\u00e9l\u00e9charger<\/a><\/div>\n\n\n\n<div class=\"wp-block-file aligncenter\"><a id=\"wp-block-file--media-0528792a-ef95-4bcf-bf5b-24d9931c65d1\" href=\"https:\/\/www.cegazelles.net\/wp-content\/uploads\/2019\/04\/R\u00e9sultats-12e-promotion-2000-2001.pdf\">R\u00e9sultats 12e promotion 00-01<\/a><a href=\"https:\/\/www.cegazelles.net\/wp-content\/uploads\/2019\/04\/R\u00e9sultats-12e-promotion-2000-2001.pdf\" class=\"wp-block-file__button wp-element-button\" download aria-describedby=\"wp-block-file--media-0528792a-ef95-4bcf-bf5b-24d9931c65d1\">T\u00e9l\u00e9charger<\/a><\/div>\n\n\n\n<div class=\"wp-block-file aligncenter\"><a id=\"wp-block-file--media-69d9e558-19bf-4dcd-8054-0b692ad2086a\" href=\"https:\/\/www.cegazelles.net\/wp-content\/uploads\/2019\/04\/R\u00e9sultats-13e-promotion-2001-2002.pdf\">R\u00e9sultats 13e promotion 01-02<\/a><a href=\"https:\/\/www.cegazelles.net\/wp-content\/uploads\/2019\/04\/R\u00e9sultats-13e-promotion-2001-2002.pdf\" class=\"wp-block-file__button wp-element-button\" download aria-describedby=\"wp-block-file--media-69d9e558-19bf-4dcd-8054-0b692ad2086a\">T\u00e9l\u00e9charger<\/a><\/div>\n\n\n\n<div class=\"wp-block-file aligncenter\"><a id=\"wp-block-file--media-8d6c042d-91e2-4d8e-8a98-c3ccefe5de82\" href=\"https:\/\/www.cegazelles.net\/wp-content\/uploads\/2019\/04\/R\u00e9sultats-14e-promotion-2002-2003.pdf\">R\u00e9sultats 14e promotion 02-03<\/a><a href=\"https:\/\/www.cegazelles.net\/wp-content\/uploads\/2019\/04\/R\u00e9sultats-14e-promotion-2002-2003.pdf\" class=\"wp-block-file__button wp-element-button\" download aria-describedby=\"wp-block-file--media-8d6c042d-91e2-4d8e-8a98-c3ccefe5de82\">T\u00e9l\u00e9charger<\/a><\/div>\n\n\n\n<div class=\"wp-block-file aligncenter\"><a id=\"wp-block-file--media-376d5408-59a1-4495-ae24-e0eed9ce23bf\" href=\"https:\/\/www.cegazelles.net\/wp-content\/uploads\/2019\/04\/R\u00e9sultats-15e-promotion-2003-2004.pdf\">R\u00e9sultats 15e promotion 03-04<\/a><a href=\"https:\/\/www.cegazelles.net\/wp-content\/uploads\/2019\/04\/R\u00e9sultats-15e-promotion-2003-2004.pdf\" class=\"wp-block-file__button wp-element-button\" download aria-describedby=\"wp-block-file--media-376d5408-59a1-4495-ae24-e0eed9ce23bf\">T\u00e9l\u00e9charger<\/a><\/div>\n\n\n\n<div class=\"wp-block-file aligncenter\"><a id=\"wp-block-file--media-6659091c-1b6d-4378-8894-6c1294fe111a\" href=\"https:\/\/www.cegazelles.net\/wp-content\/uploads\/2019\/04\/R\u00e9sultats-16e-promotion-2004-2005.pdf\">R\u00e9sultats 16e promotion 04-05<\/a><a href=\"https:\/\/www.cegazelles.net\/wp-content\/uploads\/2019\/04\/R\u00e9sultats-16e-promotion-2004-2005.pdf\" class=\"wp-block-file__button wp-element-button\" download aria-describedby=\"wp-block-file--media-6659091c-1b6d-4378-8894-6c1294fe111a\">T\u00e9l\u00e9charger<\/a><\/div>\n\n\n\n<div class=\"wp-block-file aligncenter\"><a id=\"wp-block-file--media-f4bb2619-e6ab-4188-9d52-02e037975611\" href=\"https:\/\/www.cegazelles.net\/wp-content\/uploads\/2019\/04\/R\u00e9sultats-17e-promotion-2005-2006.pdf\">R\u00e9sultats 17e promotion 05-06<\/a><a href=\"https:\/\/www.cegazelles.net\/wp-content\/uploads\/2019\/04\/R\u00e9sultats-17e-promotion-2005-2006.pdf\" class=\"wp-block-file__button wp-element-button\" download aria-describedby=\"wp-block-file--media-f4bb2619-e6ab-4188-9d52-02e037975611\">T\u00e9l\u00e9charger<\/a><\/div>\n\n\n\n<div class=\"wp-block-file aligncenter\"><a id=\"wp-block-file--media-aab41249-6592-4896-a0ea-3fe9ea249891\" href=\"https:\/\/www.cegazelles.net\/wp-content\/uploads\/2019\/04\/R\u00e9sultats-18e-promotion-2006-2007.pdf\">R\u00e9sultats 18e promotion 06-07<\/a><a href=\"https:\/\/www.cegazelles.net\/wp-content\/uploads\/2019\/04\/R\u00e9sultats-18e-promotion-2006-2007.pdf\" class=\"wp-block-file__button wp-element-button\" download aria-describedby=\"wp-block-file--media-aab41249-6592-4896-a0ea-3fe9ea249891\">T\u00e9l\u00e9charger<\/a><\/div>\n\n\n\n<div class=\"wp-block-file aligncenter\"><a id=\"wp-block-file--media-f6db1ada-981f-4e70-89d2-7b20fddfdf44\" href=\"https:\/\/www.cegazelles.net\/wp-content\/uploads\/2019\/04\/R\u00e9sultats-19e-promotion-2007-2008.pdf\">R\u00e9sultats 19e promotion 07-08<\/a><a href=\"https:\/\/www.cegazelles.net\/wp-content\/uploads\/2019\/04\/R\u00e9sultats-19e-promotion-2007-2008.pdf\" class=\"wp-block-file__button wp-element-button\" download aria-describedby=\"wp-block-file--media-f6db1ada-981f-4e70-89d2-7b20fddfdf44\">T\u00e9l\u00e9charger<\/a><\/div>\n\n\n\n<div class=\"wp-block-file aligncenter\"><a id=\"wp-block-file--media-6192ec6a-5de8-4fd2-a527-c79ed9994052\" href=\"https:\/\/www.cegazelles.net\/wp-content\/uploads\/2019\/04\/R\u00e9sultats-21e-promotion-2009-2010.pdf\">R\u00e9sultats 21e promotion 09-10<\/a><a href=\"https:\/\/www.cegazelles.net\/wp-content\/uploads\/2019\/04\/R\u00e9sultats-21e-promotion-2009-2010.pdf\" class=\"wp-block-file__button wp-element-button\" download aria-describedby=\"wp-block-file--media-6192ec6a-5de8-4fd2-a527-c79ed9994052\">T\u00e9l\u00e9charger<\/a><\/div>\n\n\n\n<div class=\"wp-block-file aligncenter\"><a id=\"wp-block-file--media-7385801d-3d95-4e7b-ad9c-eb8836d98fd0\" href=\"https:\/\/www.cegazelles.net\/wp-content\/uploads\/2019\/04\/R\u00e9sultats-22e-promotion-2010-2011-1.pdf\">R\u00e9sultats 22e promotion 10-11<\/a><a href=\"https:\/\/www.cegazelles.net\/wp-content\/uploads\/2019\/04\/R\u00e9sultats-22e-promotion-2010-2011-1.pdf\" class=\"wp-block-file__button wp-element-button\" download aria-describedby=\"wp-block-file--media-7385801d-3d95-4e7b-ad9c-eb8836d98fd0\">T\u00e9l\u00e9charger<\/a><\/div>\n\n\n\n<div class=\"wp-block-file aligncenter\"><a id=\"wp-block-file--media-134176ba-ecdf-4c3e-b335-e3447a57201a\" href=\"https:\/\/www.cegazelles.net\/wp-content\/uploads\/2019\/04\/R\u00e9sultats-23e-promotion-2011-2012.pdf\">R\u00e9sultats 23e promotion 11-12<\/a><a href=\"https:\/\/www.cegazelles.net\/wp-content\/uploads\/2019\/04\/R\u00e9sultats-23e-promotion-2011-2012.pdf\" class=\"wp-block-file__button wp-element-button\" download aria-describedby=\"wp-block-file--media-134176ba-ecdf-4c3e-b335-e3447a57201a\">T\u00e9l\u00e9charger<\/a><\/div>\n\n\n\n<div class=\"wp-block-file aligncenter\"><a id=\"wp-block-file--media-c43e1c11-f32f-4516-be7f-095c35f14d71\" href=\"https:\/\/www.cegazelles.net\/wp-content\/uploads\/2019\/04\/R\u00e9sultats-24e-promotion-2012-2013.pdf\">R\u00e9sultats 24e promotion 12-13<\/a><a href=\"https:\/\/www.cegazelles.net\/wp-content\/uploads\/2019\/04\/R\u00e9sultats-24e-promotion-2012-2013.pdf\" class=\"wp-block-file__button wp-element-button\" download aria-describedby=\"wp-block-file--media-c43e1c11-f32f-4516-be7f-095c35f14d71\">T\u00e9l\u00e9charger<\/a><\/div>\n\n\n\n<div class=\"wp-block-file aligncenter\"><a id=\"wp-block-file--media-c2fd37d7-4a4b-4317-9c29-db34972af448\" href=\"https:\/\/www.cegazelles.net\/wp-content\/uploads\/2019\/04\/R\u00e9sultats-25e-promotion-2013-2014.pdf\">R\u00e9sultats 25e promotion 13-14<\/a><a href=\"https:\/\/www.cegazelles.net\/wp-content\/uploads\/2019\/04\/R\u00e9sultats-25e-promotion-2013-2014.pdf\" class=\"wp-block-file__button wp-element-button\" download aria-describedby=\"wp-block-file--media-c2fd37d7-4a4b-4317-9c29-db34972af448\">T\u00e9l\u00e9charger<\/a><\/div>\n\n\n\n<div class=\"wp-block-file aligncenter\"><a id=\"wp-block-file--media-4c6d4077-3e62-4c1c-b050-61323a52e3bb\" href=\"https:\/\/www.cegazelles.net\/wp-content\/uploads\/2019\/04\/R\u00e9sultats-26e-promotion-2014-2015.pdf\">R\u00e9sultats 26e promotion 14-15<\/a><a href=\"https:\/\/www.cegazelles.net\/wp-content\/uploads\/2019\/04\/R\u00e9sultats-26e-promotion-2014-2015.pdf\" class=\"wp-block-file__button wp-element-button\" download aria-describedby=\"wp-block-file--media-4c6d4077-3e62-4c1c-b050-61323a52e3bb\">T\u00e9l\u00e9charger<\/a><\/div>\n\n\n\n<div class=\"wp-block-file aligncenter\"><a id=\"wp-block-file--media-d97ecd1c-b364-4faa-bf85-8aa5bf50588a\" href=\"https:\/\/www.cegazelles.net\/wp-content\/uploads\/2019\/04\/R\u00e9sultats-27e-promotion-2015-2016.pdf\">R\u00e9sultats 27e promotion 15-16<\/a><a href=\"https:\/\/www.cegazelles.net\/wp-content\/uploads\/2019\/04\/R\u00e9sultats-27e-promotion-2015-2016.pdf\" class=\"wp-block-file__button wp-element-button\" download aria-describedby=\"wp-block-file--media-d97ecd1c-b364-4faa-bf85-8aa5bf50588a\">T\u00e9l\u00e9charger<\/a><\/div>\n\n\n\n<div class=\"wp-block-file aligncenter\"><a id=\"wp-block-file--media-d46846f4-77e6-4e56-be29-cc1afa2e2e1e\" href=\"https:\/\/www.cegazelles.net\/wp-content\/uploads\/2019\/04\/R\u00e9sultats-016-017.pdf\">R\u00e9sultats 28e promotion 16-17<\/a><a href=\"https:\/\/www.cegazelles.net\/wp-content\/uploads\/2019\/04\/R\u00e9sultats-016-017.pdf\" class=\"wp-block-file__button wp-element-button\" download aria-describedby=\"wp-block-file--media-d46846f4-77e6-4e56-be29-cc1afa2e2e1e\">T\u00e9l\u00e9charger<\/a><\/div>\n\n\n\n<div class=\"wp-block-file aligncenter\"><a id=\"wp-block-file--media-18916e78-7c37-4c8d-b0dd-9a44c5d04619\" href=\"https:\/\/www.cegazelles.net\/wp-content\/uploads\/2019\/04\/R\u00e9sultat-ex\u00e9tat-2018.pdf\">R\u00e9sultats 29e promotion 17-18<\/a><a href=\"https:\/\/www.cegazelles.net\/wp-content\/uploads\/2019\/04\/R\u00e9sultat-ex\u00e9tat-2018.pdf\" class=\"wp-block-file__button wp-element-button\" download aria-describedby=\"wp-block-file--media-18916e78-7c37-4c8d-b0dd-9a44c5d04619\">T\u00e9l\u00e9charger<\/a><\/div>\n","protected":false},"excerpt":{"rendered":"<p>R\u00e9sultats TENAFEP &amp; Examen d&rsquo;Etat Retrouvez sur cette page, les informations sur les diff\u00e9rentes promotions dipl\u00f4m\u00e9es de notre \u00e9cole. Toutes informations suppl\u00e9mentaires aux donn\u00e9es publi\u00e9es sur notre site, peuvent faire l&rsquo;objet d&rsquo;une demande individuelle aupr\u00e8s de l&rsquo;\u00e9cole. Veuillez prendre contact&hellip;&nbsp;<a href=\"https:\/\/www.cegazelles.net\/?page_id=910\" class=\"more-link\">Lire la suite<\/a><\/p>\n","protected":false},"author":7,"featured_media":581,"parent":0,"menu_order":0,"comment_status":"closed","ping_status":"closed","template":"","meta":{"url":"","client":"","location":"","start_date":"","end_date":"","footnotes":""},"class_list":["post-910","page","type-page","status-publish","has-post-thumbnail","hentry"],"_links":{"self":[{"href":"https:\/\/www.cegazelles.net\/index.php?rest_route=\/wp\/v2\/pages\/910","targetHints":{"allow":["GET"]}}],"collection":[{"href":"https:\/\/www.cegazelles.net\/index.php?rest_route=\/wp\/v2\/pages"}],"about":[{"href":"https:\/\/www.cegazelles.net\/index.php?rest_route=\/wp\/v2\/types\/page"}],"author":[{"embeddable":true,"href":"https:\/\/www.cegazelles.net\/index.php?rest_route=\/wp\/v2\/users\/7"}],"replies":[{"embeddable":true,"href":"https:\/\/www.cegazelles.net\/index.php?rest_route=%2Fwp%2Fv2%2Fcomments&post=910"}],"version-history":[{"count":38,"href":"https:\/\/www.cegazelles.net\/index.php?rest_route=\/wp\/v2\/pages\/910\/revisions"}],"predecessor-version":[{"id":188526,"href":"https:\/\/www.cegazelles.net\/index.php?rest_route=\/wp\/v2\/pages\/910\/revisions\/188526"}],"wp:featuredmedia":[{"embeddable":true,"href":"https:\/\/www.cegazelles.net\/index.php?rest_route=\/wp\/v2\/media\/581"}],"wp:attachment":[{"href":"https:\/\/www.cegazelles.net\/index.php?rest_route=%2Fwp%2Fv2%2Fmedia&parent=910"}],"curies":[{"name":"wp","href":"https:\/\/api.w.org\/{rel}","templated":true}]}}