
{"id":914,"date":"2018-10-13T00:23:55","date_gmt":"2018-10-12T22:23:55","guid":{"rendered":"https:\/\/www.cegazelles.net\/?page_id=914"},"modified":"2018-10-17T16:56:15","modified_gmt":"2018-10-17T14:56:15","slug":"anciens-numeros-de-mondo","status":"publish","type":"page","link":"https:\/\/www.cegazelles.net\/?page_id=914","title":{"rendered":"Anciens num\u00e9ros de Mondo"},"content":{"rendered":"<h1 style=\"text-align: center;\">MONDO<\/h1>\n<p>&nbsp;<\/p>\n<p>La revue Mondo vous propose les infos et actualit\u00e9s de l&rsquo;\u00e9cole et de la soci\u00e9t\u00e9 vues par nos \u00e9l\u00e8ves . Les articles publi\u00e9s sont r\u00e9dig\u00e9s par ces derniers qui vous parlent des faits de soci\u00e9t\u00e9, des actualit\u00e9s et tous autres sujets pertinents. Ces articles ont fait l&rsquo;objet des r\u00e9dactions et travaux scolaires. Ils sont lisibles sur votre navigateur et peuvent \u00eatre t\u00e9l\u00e9charger en PDF.<\/p>\n<p>&nbsp;<\/p>\n<p>Retrouvez sur cette page, les \u00e9ditions ant\u00e9rieures de la revue scolaire Mondo:<\/p>\n<p>&nbsp;<\/p>\n<ul>\n<li>Edition Juin 2012 \u00a0: \u00a0<a href=\"https:\/\/www.cegazelles.net\/wp-content\/uploads\/2018\/10\/Mondo0012.pdf\">Mondo0012<\/a><\/li>\n<\/ul>\n","protected":false},"excerpt":{"rendered":"<p>MONDO &nbsp; La revue Mondo vous propose les infos et actualit\u00e9s de l&rsquo;\u00e9cole et de la soci\u00e9t\u00e9 vues par nos \u00e9l\u00e8ves . Les articles publi\u00e9s sont r\u00e9dig\u00e9s par ces derniers qui vous parlent des faits de soci\u00e9t\u00e9, des actualit\u00e9s et&hellip;&nbsp;<a href=\"https:\/\/www.cegazelles.net\/?page_id=914\" class=\"more-link\">Lire la suite<\/a><\/p>\n","protected":false},"author":7,"featured_media":660,"parent":109,"menu_order":0,"comment_status":"closed","ping_status":"closed","template":"","meta":{"url":"","client":"","location":"","start_date":"","end_date":"","footnotes":""},"class_list":["post-914","page","type-page","status-publish","has-post-thumbnail","hentry"],"_links":{"self":[{"href":"https:\/\/www.cegazelles.net\/index.php?rest_route=\/wp\/v2\/pages\/914","targetHints":{"allow":["GET"]}}],"collection":[{"href":"https:\/\/www.cegazelles.net\/index.php?rest_route=\/wp\/v2\/pages"}],"about":[{"href":"https:\/\/www.cegazelles.net\/index.php?rest_route=\/wp\/v2\/types\/page"}],"author":[{"embeddable":true,"href":"https:\/\/www.cegazelles.net\/index.php?rest_route=\/wp\/v2\/users\/7"}],"replies":[{"embeddable":true,"href":"https:\/\/www.cegazelles.net\/index.php?rest_route=%2Fwp%2Fv2%2Fcomments&post=914"}],"version-history":[{"count":10,"href":"https:\/\/www.cegazelles.net\/index.php?rest_route=\/wp\/v2\/pages\/914\/revisions"}],"predecessor-version":[{"id":976,"href":"https:\/\/www.cegazelles.net\/index.php?rest_route=\/wp\/v2\/pages\/914\/revisions\/976"}],"up":[{"embeddable":true,"href":"https:\/\/www.cegazelles.net\/index.php?rest_route=\/wp\/v2\/pages\/109"}],"wp:featuredmedia":[{"embeddable":true,"href":"https:\/\/www.cegazelles.net\/index.php?rest_route=\/wp\/v2\/media\/660"}],"wp:attachment":[{"href":"https:\/\/www.cegazelles.net\/index.php?rest_route=%2Fwp%2Fv2%2Fmedia&parent=914"}],"curies":[{"name":"wp","href":"https:\/\/api.w.org\/{rel}","templated":true}]}}