
{"id":916,"date":"2018-10-13T00:23:55","date_gmt":"2018-10-12T22:23:55","guid":{"rendered":"https:\/\/www.cegazelles.net\/?page_id=916"},"modified":"2019-04-04T21:56:40","modified_gmt":"2019-04-04T20:56:40","slug":"livres-des-eleves","status":"publish","type":"page","link":"https:\/\/www.cegazelles.net\/?page_id=916","title":{"rendered":"Livres des \u00c9l\u00e8ves"},"content":{"rendered":"\n<h2 class=\"wp-block-heading\">Publication des \u00e9l\u00e8ves<\/h2>\n\n\n\n<p><\/p>\n\n\n\n<p>Retrouvez sur cette page, les ouvrages publi\u00e9s par l&rsquo;\u00e9cole redig\u00e9s par les \u00e9l\u00e8ves dans le cadre de leurs travaux scolaires.<br><\/p>\n\n\n\n<div class=\"wp-block-file\"><a href=\"https:\/\/www.cegazelles.net\/wp-content\/uploads\/2019\/04\/Mafinga-et-ses-origines.pdf\">1. Mafinga et ses origines<\/a><a href=\"https:\/\/www.cegazelles.net\/wp-content\/uploads\/2019\/04\/Mafinga-et-ses-origines.pdf\" class=\"wp-block-file__button\" download>T\u00e9l\u00e9charger<\/a><\/div>\n\n\n\n<p><\/p>\n","protected":false},"excerpt":{"rendered":"<p>Publication des \u00e9l\u00e8ves Retrouvez sur cette page, les ouvrages publi\u00e9s par l&rsquo;\u00e9cole redig\u00e9s par les \u00e9l\u00e8ves dans le cadre de leurs travaux scolaires.<\/p>\n","protected":false},"author":7,"featured_media":0,"parent":0,"menu_order":0,"comment_status":"closed","ping_status":"closed","template":"","meta":{"url":"","client":"","location":"","start_date":"","end_date":"","footnotes":""},"class_list":["post-916","page","type-page","status-publish","hentry"],"_links":{"self":[{"href":"https:\/\/www.cegazelles.net\/index.php?rest_route=\/wp\/v2\/pages\/916","targetHints":{"allow":["GET"]}}],"collection":[{"href":"https:\/\/www.cegazelles.net\/index.php?rest_route=\/wp\/v2\/pages"}],"about":[{"href":"https:\/\/www.cegazelles.net\/index.php?rest_route=\/wp\/v2\/types\/page"}],"author":[{"embeddable":true,"href":"https:\/\/www.cegazelles.net\/index.php?rest_route=\/wp\/v2\/users\/7"}],"replies":[{"embeddable":true,"href":"https:\/\/www.cegazelles.net\/index.php?rest_route=%2Fwp%2Fv2%2Fcomments&post=916"}],"version-history":[{"count":4,"href":"https:\/\/www.cegazelles.net\/index.php?rest_route=\/wp\/v2\/pages\/916\/revisions"}],"predecessor-version":[{"id":2265,"href":"https:\/\/www.cegazelles.net\/index.php?rest_route=\/wp\/v2\/pages\/916\/revisions\/2265"}],"wp:attachment":[{"href":"https:\/\/www.cegazelles.net\/index.php?rest_route=%2Fwp%2Fv2%2Fmedia&parent=916"}],"curies":[{"name":"wp","href":"https:\/\/api.w.org\/{rel}","templated":true}]}}